{"id":830,"date":"2024-03-15T22:17:41","date_gmt":"2024-03-15T20:17:41","guid":{"rendered":"https:\/\/mare-panonium-tours.hr\/?page_id=830"},"modified":"2026-02-12T10:00:12","modified_gmt":"2026-02-12T09:00:12","slug":"ljeto-2026-2","status":"publish","type":"page","link":"https:\/\/mare-panonium-tours.hr\/en\/ljeto-2026-2\/","title":{"rendered":"Ljeto 2026."},"content":{"rendered":"<div data-elementor-type=\"wp-page\" data-elementor-id=\"830\" class=\"elementor elementor-830\" data-elementor-post-type=\"page\">\n\t\t\t\t\t\t<section class=\"elementor-section elementor-top-section elementor-element elementor-element-ead3418 elementor-section-full_width elementor-section-height-min-height elementor-section-height-default elementor-section-items-middle\" data-id=\"ead3418\" data-element_type=\"section\" data-settings=\"{&quot;background_background&quot;:&quot;classic&quot;}\">\n\t\t\t\t\t\t\t<div class=\"elementor-background-overlay\"><\/div>\n\t\t\t\t\t\t\t<div class=\"elementor-container elementor-column-gap-no\">\n\t\t\t\t\t<div class=\"elementor-column elementor-col-100 elementor-top-column elementor-element elementor-element-ae9252c\" data-id=\"ae9252c\" data-element_type=\"column\">\n\t\t\t<div class=\"elementor-widget-wrap elementor-element-populated\">\n\t\t\t\t\t\t<div class=\"elementor-element elementor-element-e5c9e9a elementor-widget elementor-widget-heading\" data-id=\"e5c9e9a\" data-element_type=\"widget\" data-widget_type=\"heading.default\">\n\t\t\t\t<div class=\"elementor-widget-container\">\n\t\t\t\t\t<h2 class=\"elementor-heading-title elementor-size-default\">Ljeto 2026.<\/h2>\t\t\t\t<\/div>\n\t\t\t\t<\/div>\n\t\t\t\t<div class=\"elementor-element elementor-element-d4b91f9 elementor-widget elementor-widget-heading\" data-id=\"d4b91f9\" data-element_type=\"widget\" data-widget_type=\"heading.default\">\n\t\t\t\t<div class=\"elementor-widget-container\">\n\t\t\t\t\t<h4 class=\"elementor-heading-title elementor-size-default\">Dobro do\u0161li u ljeto 2025. godine Mare Panonium tours-a\n\n<\/h4>\t\t\t\t<\/div>\n\t\t\t\t<\/div>\n\t\t\t\t\t<\/div>\n\t\t<\/div>\n\t\t\t\t\t<\/div>\n\t\t<\/section>\n\t\t\t\t<section class=\"elementor-section elementor-top-section elementor-element elementor-element-a19802b elementor-section-boxed elementor-section-height-default elementor-section-height-default\" data-id=\"a19802b\" data-element_type=\"section\">\n\t\t\t\t\t\t<div class=\"elementor-container elementor-column-gap-default\">\n\t\t\t\t\t<div class=\"elementor-column elementor-col-100 elementor-top-column elementor-element elementor-element-09074b8\" data-id=\"09074b8\" data-element_type=\"column\" data-settings=\"{&quot;background_background&quot;:&quot;gradient&quot;}\">\n\t\t\t<div class=\"elementor-widget-wrap elementor-element-populated\">\n\t\t\t\t\t\t<div class=\"elementor-element elementor-element-f91b0c6 elementor-widget elementor-widget-text-editor\" data-id=\"f91b0c6\" data-element_type=\"widget\" data-widget_type=\"text-editor.default\">\n\t\t\t\t<div class=\"elementor-widget-container\">\n\t\t\t\t\t\t\t\t\t<p>Dragi Putnici, pred vama je katalog \u2018\u2019LJETO 2025.\u2019\u2019 u kojem smo pripremili veliki izbor hotelskih smje\u0161taja i hotelskih apartmana, kako u Republici Hrvatskoj tako i u Bosni i Hercegovini, te Crnoj Gori. Iz iskustva znamo da su vam potrebne korisne informacije potkrepljene slikama kako biste izabrali odmor po va\u0161em izboru. Stoga smo vam pripremili detaljne opise, s puno korisnih informacija i fotografija.<\/p>\t\t\t\t\t\t\t\t<\/div>\n\t\t\t\t<\/div>\n\t\t\t\t\t<\/div>\n\t\t<\/div>\n\t\t\t\t\t<\/div>\n\t\t<\/section>\n\t\t\t\t<section class=\"elementor-section elementor-top-section elementor-element elementor-element-773f001 elementor-section-boxed elementor-section-height-default elementor-section-height-default\" data-id=\"773f001\" data-element_type=\"section\">\n\t\t\t\t\t\t<div class=\"elementor-container elementor-column-gap-default\">\n\t\t\t\t\t<div class=\"elementor-column elementor-col-33 elementor-top-column elementor-element elementor-element-be2d22a\" data-id=\"be2d22a\" data-element_type=\"column\">\n\t\t\t<div class=\"elementor-widget-wrap elementor-element-populated\">\n\t\t\t\t\t\t<div class=\"elementor-element elementor-element-e933e05 elementor-position-top elementor-widget elementor-widget-image-box\" data-id=\"e933e05\" data-element_type=\"widget\" data-widget_type=\"image-box.default\">\n\t\t\t\t<div class=\"elementor-widget-container\">\n\t\t\t\t\t<div class=\"elementor-image-box-wrapper\"><figure class=\"elementor-image-box-img\"><a href=\"https:\/\/mare-panonium-tours.hr\/en\/lokacija\/istra\/\" tabindex=\"-1\"><img fetchpriority=\"high\" decoding=\"async\" width=\"1500\" height=\"1000\" src=\"https:\/\/mare-panonium-tours.hr\/wp-content\/uploads\/2024\/04\/istralandia.jpg\" class=\"attachment-full size-full wp-image-1210\" alt=\"\" srcset=\"https:\/\/mare-panonium-tours.hr\/wp-content\/uploads\/2024\/04\/istralandia.jpg 1500w, https:\/\/mare-panonium-tours.hr\/wp-content\/uploads\/2024\/04\/istralandia-768x512.jpg 768w\" sizes=\"(max-width: 1500px) 100vw, 1500px\" \/><\/a><\/figure><div class=\"elementor-image-box-content\"><h3 class=\"elementor-image-box-title\"><a href=\"https:\/\/mare-panonium-tours.hr\/en\/lokacija\/istra\/\">Istra<\/a><\/h3><\/div><\/div>\t\t\t\t<\/div>\n\t\t\t\t<\/div>\n\t\t\t\t\t<\/div>\n\t\t<\/div>\n\t\t\t\t<div class=\"elementor-column elementor-col-33 elementor-top-column elementor-element elementor-element-3a45a39\" data-id=\"3a45a39\" data-element_type=\"column\">\n\t\t\t<div class=\"elementor-widget-wrap elementor-element-populated\">\n\t\t\t\t\t\t<div class=\"elementor-element elementor-element-eb85ae4 elementor-position-top elementor-widget elementor-widget-image-box\" data-id=\"eb85ae4\" data-element_type=\"widget\" data-widget_type=\"image-box.default\">\n\t\t\t\t<div class=\"elementor-widget-container\">\n\t\t\t\t\t<div class=\"elementor-image-box-wrapper\"><figure class=\"elementor-image-box-img\"><a href=\"https:\/\/mare-panonium-tours.hr\/en\/lokacija\/kvarner\/\" tabindex=\"-1\"><img decoding=\"async\" width=\"1024\" height=\"683\" src=\"https:\/\/mare-panonium-tours.hr\/wp-content\/uploads\/2024\/03\/Omorika-2.jpg\" class=\"attachment-full size-full wp-image-850\" alt=\"\" srcset=\"https:\/\/mare-panonium-tours.hr\/wp-content\/uploads\/2024\/03\/Omorika-2.jpg 1024w, https:\/\/mare-panonium-tours.hr\/wp-content\/uploads\/2024\/03\/Omorika-2-768x512.jpg 768w\" sizes=\"(max-width: 1024px) 100vw, 1024px\" \/><\/a><\/figure><div class=\"elementor-image-box-content\"><h3 class=\"elementor-image-box-title\"><a href=\"https:\/\/mare-panonium-tours.hr\/en\/lokacija\/kvarner\/\">Kvarner<\/a><\/h3><\/div><\/div>\t\t\t\t<\/div>\n\t\t\t\t<\/div>\n\t\t\t\t\t<\/div>\n\t\t<\/div>\n\t\t\t\t<div class=\"elementor-column elementor-col-33 elementor-top-column elementor-element elementor-element-5eee41a\" data-id=\"5eee41a\" data-element_type=\"column\">\n\t\t\t<div class=\"elementor-widget-wrap elementor-element-populated\">\n\t\t\t\t\t\t<div class=\"elementor-element elementor-element-cfc4241 elementor-position-top elementor-widget elementor-widget-image-box\" data-id=\"cfc4241\" data-element_type=\"widget\" data-widget_type=\"image-box.default\">\n\t\t\t\t<div class=\"elementor-widget-container\">\n\t\t\t\t\t<div class=\"elementor-image-box-wrapper\"><figure class=\"elementor-image-box-img\"><a href=\"https:\/\/mare-panonium-tours.hr\/en\/lokacija\/dalmacija\/\" tabindex=\"-1\"><img decoding=\"async\" width=\"1200\" height=\"800\" src=\"https:\/\/mare-panonium-tours.hr\/wp-content\/uploads\/2025\/03\/6026933c53fcd_11.jpg\" class=\"attachment-full size-full wp-image-1624\" alt=\"\" srcset=\"https:\/\/mare-panonium-tours.hr\/wp-content\/uploads\/2025\/03\/6026933c53fcd_11.jpg 1200w, https:\/\/mare-panonium-tours.hr\/wp-content\/uploads\/2025\/03\/6026933c53fcd_11-768x512.jpg 768w, https:\/\/mare-panonium-tours.hr\/wp-content\/uploads\/2025\/03\/6026933c53fcd_11-18x12.jpg 18w\" sizes=\"(max-width: 1200px) 100vw, 1200px\" \/><\/a><\/figure><div class=\"elementor-image-box-content\"><h3 class=\"elementor-image-box-title\"><a href=\"https:\/\/mare-panonium-tours.hr\/en\/lokacija\/dalmacija\/\">Dalmacija<\/a><\/h3><\/div><\/div>\t\t\t\t<\/div>\n\t\t\t\t<\/div>\n\t\t\t\t\t<\/div>\n\t\t<\/div>\n\t\t\t\t\t<\/div>\n\t\t<\/section>\n\t\t\t\t<section class=\"elementor-section elementor-top-section elementor-element elementor-element-274c154 elementor-section-boxed elementor-section-height-default elementor-section-height-default\" data-id=\"274c154\" data-element_type=\"section\" data-settings=\"{&quot;background_background&quot;:&quot;classic&quot;}\">\n\t\t\t\t\t\t<div class=\"elementor-container elementor-column-gap-default\">\n\t\t\t\t\t<div class=\"elementor-column elementor-col-100 elementor-top-column elementor-element elementor-element-4c4698e\" data-id=\"4c4698e\" data-element_type=\"column\" data-settings=\"{&quot;background_background&quot;:&quot;classic&quot;}\">\n\t\t\t<div class=\"elementor-widget-wrap elementor-element-populated\">\n\t\t\t\t\t\t<div class=\"elementor-element elementor-element-1d8db2e elementor-widget elementor-widget-text-editor\" data-id=\"1d8db2e\" data-element_type=\"widget\" data-widget_type=\"text-editor.default\">\n\t\t\t\t<div class=\"elementor-widget-container\">\n\t\t\t\t\t\t\t\t\t<ul><li>CIJENE UKLJU\u010cUJU: usluge navedene u programu (puni pansion, polupansion, najam hotelskih apartmana).<\/li><li>Cijene aran\u017emana istaknute su u eurima, te su formirane na bazi vlastitog prijevoza i sedmodnevnog boravka. Cijene s PDV-om primjenjuju se od 1.2.2025.<\/li><li>\u00a0Za hotelske i druge sobe cijena je PO OSOBI, dok je za smje\u0161taj u apart\u00adma\u00adnu cijena izra\u017eena po smje\u0161tajnoj jedinici &#8211; APARTMANU &#8211; za odgovaraju\u0107i broj osoba tj. le\u017eaja. Molimo Vas da se pridr\u017eavate navedenog broja osoba po apartmanu jer za ve\u0107i broj od navedenog u voucheru vlasnik apartmana ima pravo naplatiti na licu mjesta. Isto vrijedi i za hotelske sobe.<\/li><li>PRIJAVE I REZERVACIJE se vr\u0161e u turisti\u010dkoj agenciji Mare Panonium tours; prilikom prijave potpi\u00adsu\u00adjete Ugovor turisti\u010dke agencije Mare Panonium tours na \u010dijoj pole\u0111ini su otisnuti OP\u0106I UVJETI ZA TURISTI\u010cKA PUTOVANJA. Va\u0161im potpisom iskazujete suglasnost s uvjeti\u00adma koji su navedeni na Ugovoru. Prilikom prijave upla\u0107ujete akon\u00adta\u00adciju u iznosu jedne rate.<\/li><li>Preporu\u010dujemo osiguranje od otkaza putovanja koje se dodatno napla\u0107uje 2.5% na ukupnu cijenu aran\u017emana.<\/li><li>NA\u010cIN PLA\u0106ANJA: &#8211; <strong>Gotovinom <\/strong>u agenciji<\/li><\/ul><p>\u00a0\u00a0\u00a0\u00a0\u00a0\u00a0\u00a0\u00a0\u00a0\u00a0\u00a0\u00a0\u00a0\u00a0\u00a0\u00a0\u00a0\u00a0\u00a0\u00a0\u00a0\u00a0\u00a0\u00a0\u00a0\u00a0\u00a0\u00a0\u00a0\u00a0\u00a0\u00a0\u00a0\u00a0\u00a0 \u00a0\u00a0\u00a0\u00a0\u00a0\u00a0\u00a0\u00a0\u00a0\u00a0 &#8211; <strong>Karticama<\/strong> (Visa Premium, Visa PBZ, Diners) \u2013 6-12 rata; 12 rata uz 5% naknade<br \/><strong style=\"color: var( --e-global-color-text ); font-family: var( --e-global-typography-text-font-family ), Sans-serif; font-size: 1rem;\">\u00a0 \u00a0 \u00a0 \u00a0 \u00a0 \u00a0 \u00a0 \u00a0 \u00a0 \u00a0 \u00a0 \u00a0 \u00a0 \u00a0 \u00a0 \u00a0 \u00a0 \u00a0 \u00a0 \u00a0 \u00a0 \u00a0 \u00a0 &#8211; Uplatom<\/strong> <strong style=\"color: var( --e-global-color-text ); font-family: var( --e-global-typography-text-font-family ), Sans-serif; font-size: 1rem;\">na na\u0161 ra\u010dun HR7923400091110472461<\/strong><span style=\"color: var( --e-global-color-text ); font-family: var( --e-global-typography-text-font-family ), Sans-serif; font-weight: var( --e-global-typography-text-font-weight ); font-size: 1rem;\">; Privredna banka Zagreb<\/span><\/p><p>Cijene su ra\u0111ene u mjesecu velja\u010da 2025.<\/p><p>Ukoliko bi u me\u0111uvremenu do\u0161lo do promjene cijena od strane hotelijera<br \/>MARE PANONIUM tours d.o.o. zadr\u017eava pravo promjene cijena.<\/p><p>Za novac upla\u0107en u agenciji garantiramo deviznu klauzulu.<\/p>\t\t\t\t\t\t\t\t<\/div>\n\t\t\t\t<\/div>\n\t\t\t\t\t<\/div>\n\t\t<\/div>\n\t\t\t\t\t<\/div>\n\t\t<\/section>\n\t\t\t\t<\/div>","protected":false},"excerpt":{"rendered":"<p>Dobro do\u0161li u ljeto 2025. godine Mare Panonium tours-a Dragi Putnici, pred vama je katalog \u2018\u2019LJETO 2025.\u2019\u2019 u kojem smo pripremili veliki izbor hotelskih smje\u0161taja i hotelskih apartmana, kako u Republici Hrvatskoj tako i u Bosni i Hercegovini, te Crnoj Gori. Iz iskustva znamo da su vam potrebne korisne informacije potkrepljene slikama kako biste izabrali [&hellip;]<\/p>","protected":false},"author":1,"featured_media":0,"parent":0,"menu_order":0,"comment_status":"closed","ping_status":"closed","template":"elementor_header_footer","meta":{"footnotes":""},"class_list":["post-830","page","type-page","status-publish","hentry"],"_links":{"self":[{"href":"https:\/\/mare-panonium-tours.hr\/en\/wp-json\/wp\/v2\/pages\/830","targetHints":{"allow":["GET"]}}],"collection":[{"href":"https:\/\/mare-panonium-tours.hr\/en\/wp-json\/wp\/v2\/pages"}],"about":[{"href":"https:\/\/mare-panonium-tours.hr\/en\/wp-json\/wp\/v2\/types\/page"}],"author":[{"embeddable":true,"href":"https:\/\/mare-panonium-tours.hr\/en\/wp-json\/wp\/v2\/users\/1"}],"replies":[{"embeddable":true,"href":"https:\/\/mare-panonium-tours.hr\/en\/wp-json\/wp\/v2\/comments?post=830"}],"version-history":[{"count":33,"href":"https:\/\/mare-panonium-tours.hr\/en\/wp-json\/wp\/v2\/pages\/830\/revisions"}],"predecessor-version":[{"id":3075,"href":"https:\/\/mare-panonium-tours.hr\/en\/wp-json\/wp\/v2\/pages\/830\/revisions\/3075"}],"wp:attachment":[{"href":"https:\/\/mare-panonium-tours.hr\/en\/wp-json\/wp\/v2\/media?parent=830"}],"curies":[{"name":"wp","href":"https:\/\/api.w.org\/{rel}","templated":true}]}}