{"id":616,"date":"2023-10-05T12:50:53","date_gmt":"2023-10-05T12:50:53","guid":{"rendered":"https:\/\/mare.mare-panonium-tours.hr\/?page_id=616"},"modified":"2023-10-05T12:51:27","modified_gmt":"2023-10-05T12:51:27","slug":"polica-privatnosti-i-obavijest-o-prigovoru","status":"publish","type":"page","link":"https:\/\/mare-panonium-tours.hr\/en\/polica-privatnosti-i-obavijest-o-prigovoru\/","title":{"rendered":"Privacy Policy and Complaint Notice"},"content":{"rendered":"<div data-elementor-type=\"wp-page\" data-elementor-id=\"616\" class=\"elementor elementor-616\" data-elementor-post-type=\"page\">\n\t\t\t\t\t\t<section class=\"elementor-section elementor-top-section elementor-element elementor-element-4b161b0 elementor-section-full_width elementor-section-height-min-height elementor-section-height-default elementor-section-items-middle\" data-id=\"4b161b0\" data-element_type=\"section\" data-settings=\"{&quot;background_background&quot;:&quot;classic&quot;}\">\n\t\t\t\t\t\t\t<div class=\"elementor-background-overlay\"><\/div>\n\t\t\t\t\t\t\t<div class=\"elementor-container elementor-column-gap-no\">\n\t\t\t\t\t<div class=\"elementor-column elementor-col-100 elementor-top-column elementor-element elementor-element-01e059b\" data-id=\"01e059b\" data-element_type=\"column\">\n\t\t\t<div class=\"elementor-widget-wrap elementor-element-populated\">\n\t\t\t\t\t\t<div class=\"elementor-element elementor-element-4a6baa0 elementor-widget elementor-widget-heading\" data-id=\"4a6baa0\" data-element_type=\"widget\" data-widget_type=\"heading.default\">\n\t\t\t\t<div class=\"elementor-widget-container\">\n\t\t\t\t\t<h2 class=\"elementor-heading-title elementor-size-default\">Privacy Policy and Complaint Notice\n<\/h2>\t\t\t\t<\/div>\n\t\t\t\t<\/div>\n\t\t\t\t\t<\/div>\n\t\t<\/div>\n\t\t\t\t\t<\/div>\n\t\t<\/section>\n\t\t\t\t<section class=\"elementor-section elementor-top-section elementor-element elementor-element-c83d180 elementor-section-boxed elementor-section-height-default elementor-section-height-default\" data-id=\"c83d180\" data-element_type=\"section\" data-settings=\"{&quot;background_background&quot;:&quot;classic&quot;}\">\n\t\t\t\t\t\t<div class=\"elementor-container elementor-column-gap-default\">\n\t\t\t\t\t<div class=\"elementor-column elementor-col-100 elementor-top-column elementor-element elementor-element-34d072f\" data-id=\"34d072f\" data-element_type=\"column\" data-settings=\"{&quot;background_background&quot;:&quot;classic&quot;}\">\n\t\t\t<div class=\"elementor-widget-wrap elementor-element-populated\">\n\t\t\t\t\t\t<div class=\"elementor-element elementor-element-a945a2a elementor-widget elementor-widget-text-editor\" data-id=\"a945a2a\" data-element_type=\"widget\" data-widget_type=\"text-editor.default\">\n\t\t\t\t<div class=\"elementor-widget-container\">\n\t\t\t\t\t\t\t\t\t<div class=\"vc_row wpb_row vc_row-fluid\"><div class=\"wpb_column vc_column_container vc_col-sm-12\"><div class=\"vc_column-inner\"><div class=\"wpb_wrapper\"><div class=\"wpb_text_column wpb_content_element\"><div class=\"wpb_wrapper\"><h2><span style=\"color: #000000;\">Tko smo mi<\/span><\/h2><p><span style=\"color: #000000;\">Adresa na\u0161e web-stranice je: https:\/\/mare-panonium-tours.hr.<\/span><\/p><h2><span style=\"color: #000000;\">Koje osobne podatke prikupljamo i za\u0161to<\/span><\/h2><h3><span style=\"color: #000000;\">Komentari<\/span><\/h3><p><span style=\"color: #000000;\">Kada posjetitelji napi\u0161u komentar na web-stranici mi prikupljamo podatke prikazane u formi komentara, i tako\u0111er IP adresu posjetitelja kao i string korisni\u010dkog agenta preglednika kako lak\u0161e detektirali spam.<\/span><\/p><p><span style=\"color: #000000;\">Mogu\u0107e je da je anonimiziran string kreiran iz va\u0161e adrese e-po\u0161te (koji se tako\u0111er zove hash) dostavljen Gravatar servisu kako bi provjerili da li ga koristite. Pravila privatnosti Gravatar servisa dostupna su ovdje: https:\/\/automattic.com\/privacy\/. Nakon odobrenja va\u0161eg komentara, va\u0161a profilna slika je javno vidljiva u kontekstu va\u0161eg komentara.<\/span><\/p><hr \/><h3><span style=\"color: #000000;\">Medij<\/span><\/h3><p><span style=\"color: #000000;\">Ako prenesete sliku na web-stranicu, trebali bi izbjegavati prijenos slika koje imaju ugra\u0111ene podatke o lokaciji (EXIF GPS). Posjetitelji web-stranice mogu ih preuzeti i izdvojiti bilo koje podatke o lokaciji iz slika sa web-stranice.<\/span><\/p><hr \/><h3><span style=\"color: #000000;\">Kontakt forme<\/span><\/h3><h3><span style=\"color: #000000;\">Kola\u010di\u0107i<\/span><\/h3><p><span style=\"color: #000000;\">Ako napi\u0161ete komentar na na\u0161oj web-stranici, mo\u017eete odabrati da spremite ime, adresu e-po\u0161te i web-stranicu u kola\u010di\u0107e. Ovo je kako bi vam olak\u0161ali ponovno komentiranje, da ne morate ponovno unositi te informacije. Ovi kola\u010di\u0107i traju godinu dana.<\/span><\/p><p><span style=\"color: #000000;\">Ako imate ra\u010dun i prijavite se na ovu web-stranicu, postaviti \u0107emo privremeni kola\u010di\u0107 kako bi utvrdili da li va\u0161 preglednik prihva\u0107a kola\u010di\u0107e. Ovaj kola\u010di\u0107 ne sadr\u017ei osobne podatke i bri\u0161e se kada ugasite preglednik.<\/span><\/p><p><span style=\"color: #000000;\">Kada se prijavite, tako\u0111er \u0107emo postaviti nekoliko kola\u010di\u0107a kako bi sa\u010duvali va\u0161e podatke o prijavi i va\u0161e postavke zaslona. Kola\u010di\u0107i prijave traju dva dana, i kola\u010di\u0107i postavki zaslona traju godinu dana. Ako odaberete \u201cZapamti me\u201d, va\u0161a prijava \u0107e trajati dva tjedna. Ako se odjavite s ra\u010duna, kola\u010di\u0107i prijave biti \u0107e uklonjeni.<\/span><\/p><p><span style=\"color: #000000;\">Ako uredite ili objavite \u010dlanak, dodatni kola\u010di\u0107 biti \u0107e spremljen u va\u0161em pregledniku. Ovaj kola\u010di\u0107 ne sadr\u017ei osobne podatke i samo ukazuje na ID objave \u010dlanka koji ste upravo uredili. Kola\u010di\u0107 istekne nakon 1 dana.<\/span><\/p><hr \/><h3><span style=\"color: #000000;\">Ugra\u0111eni sadr\u017eaj s drugih web-stranica<\/span><\/h3><p><span style=\"color: #000000;\">\u010clanci na ovoj web-stranici mogu sadr\u017eavati ugra\u0111eni sadr\u017eaj (npr. video, slike, \u010dlanke, itd.). Ugra\u0111eni sadr\u017eaj sa drugih web-stranica pona\u0161a se istovjetno kao da je posjetitelj posjetio tu drugu web-stranicu.<\/span><\/p><p><span style=\"color: #000000;\">Ove web-stranice mo\u017eda prikupljaju podatke o vama, koriste kola\u010di\u0107e, imaju ugra\u0111eno dodatno pra\u0107enje od tre\u0107ih strana, i nadgledaju va\u0161u interakciju s tim ugra\u0111enim sadr\u017eajem, uklju\u010duju\u0107i pra\u0107enje va\u0161e interakcije s ugra\u0111enim sadr\u017eajem ako imate ra\u010dun i prijavljeni ste na web-stranici.<\/span><\/p><hr \/><h2><span style=\"color: #000000;\">Koliko dugo \u010duvamo va\u0161e podatke<\/span><\/h2><p><span style=\"color: #000000;\">Ako napi\u0161ete komentar, komentar i njegovi meta podaci su sa\u010duvani zauvijek. To je zato da mo\u017eemo automatski prepoznati i odobriti budu\u0107e komentare, umjesto da ih dr\u017eimo na \u010dekanju za odobrenje.<\/span><\/p><p><span style=\"color: #000000;\">Za korisnike koji se registriraju na na\u0161oj web-stranici (ako ih ima), mi tako\u0111er pohranjujemo osobne podatke koje navedu u njihovim korisni\u010dkim profilima, Svi korisnici mogu vidjeti, urediti, ili obrisati svoje osobne podatke u bilo koje vrijeme ( osim \u0161to ne mogu promijeniti svoje korisni\u010dko ime). Administratori web-stranice tako\u0111er mogu vidjeti i urediti te informacije.<\/span><\/p><hr \/><h2><span style=\"color: #000000;\">Koja prava imate nad svojim podacima<\/span><\/h2><p><span style=\"color: #000000;\">Ako imate ra\u010dun na ovoj web-stranici, ili ste pisali komentare, mo\u017eete zatra\u017eiti primanje izvozne datoteke osobnih podataka koje imamo o vama, uklju\u010duju\u0107i sve podatke koje ste nam dostavili. Tako\u0111er mo\u017eete zatra\u017eiti brisanje svih osobnih podataka koje imamo o vama. Ovo ne uklju\u010duje bilo koje podatke koje smo obavezni dr\u017eati za administrativne, pravne ili sigurnosne namjene.<\/span><\/p><hr \/><h2><span style=\"color: #000000;\">Gdje \u0161aljemo va\u0161e podatke<\/span><\/h2><p><span style=\"color: #000000;\">Komentari posjetitelja mogu se provjeriti putem automatske usluge za otkrivanje ne\u017eeljene po\u0161te.<\/span><\/p><hr \/><\/div><\/div><\/div><\/div><\/div><\/div><div class=\"vc_row wpb_row vc_row-fluid\"><div class=\"wpb_column vc_column_container vc_col-sm-12\"><div class=\"vc_column-inner\"><div class=\"wpb_wrapper\"><div class=\"wpb_text_column wpb_content_element\"><div class=\"wpb_wrapper\"><h2><span style=\"color: #000000;\"><strong>Obavijest o na\u010dinu podno\u0161enja pisanog prigovora potro\u0161a\u010da\u00a0<\/strong><\/span><\/h2><p><span style=\"color: #000000;\">Sukladno \u010dl. 10. st. 3. Zakona o za\u0161titi potro\u0161a\u010da (\u201eNarodne novine\u201c, br. 41\/14, 110\/15, 14\/19) obavje\u0161tavamo potro\u0161a\u010de da prigovor kojim iznose svoje nezadovoljstvo u odnosu na pru\u017eenu uslugu mogu podnijeti u pisanom obliku te \u0107e im bez odga\u0111anja pisanim putem biti potvr\u0111en primitak tog prigovora. Prigovor se tako\u0111er mo\u017ee podnijeti putem po\u0161te na adresu:<\/span><\/p><p><span style=\"color: #000000;\">Mare Panonium tours d.o.o., Hrvatskih kraljeva 16, 32100 Vinkovci\u00a0ili\u00a0na email adresu\u00a0<a style=\"color: #000000;\" href=\"mailto:agencija@mare-panonium-tours.hr\">agencija@mare-panonium-tours.hr<\/a><\/span><\/p><p><span style=\"color: #000000;\">Odgovor na pisani prigovor potro\u0161a\u010da dat \u0107emo u pisanom obliku najkasnije 15 dana od dana primitka prigovora, pa stoga molimo da nam u svom prigovoru navedete Va\u0161u kontakt adresu za dostavu odgovora.<\/span><\/p><\/div><\/div><\/div><\/div><\/div><\/div>\t\t\t\t\t\t\t\t<\/div>\n\t\t\t\t<\/div>\n\t\t\t\t\t<\/div>\n\t\t<\/div>\n\t\t\t\t\t<\/div>\n\t\t<\/section>\n\t\t\t\t<\/div>","protected":false},"excerpt":{"rendered":"<p>Polica privatnosti i obavijest o prigovoru Tko smo mi Adresa na\u0161e web-stranice je: https:\/\/mare-panonium-tours.hr. Koje osobne podatke prikupljamo i za\u0161to Komentari Kada posjetitelji napi\u0161u komentar na web-stranici mi prikupljamo podatke prikazane u formi komentara, i tako\u0111er IP adresu posjetitelja kao i string korisni\u010dkog agenta preglednika kako lak\u0161e detektirali spam. Mogu\u0107e je da je anonimiziran string [&hellip;]<\/p>","protected":false},"author":1,"featured_media":0,"parent":0,"menu_order":0,"comment_status":"closed","ping_status":"closed","template":"elementor_header_footer","meta":{"footnotes":""},"class_list":["post-616","page","type-page","status-publish","hentry"],"_links":{"self":[{"href":"https:\/\/mare-panonium-tours.hr\/en\/wp-json\/wp\/v2\/pages\/616","targetHints":{"allow":["GET"]}}],"collection":[{"href":"https:\/\/mare-panonium-tours.hr\/en\/wp-json\/wp\/v2\/pages"}],"about":[{"href":"https:\/\/mare-panonium-tours.hr\/en\/wp-json\/wp\/v2\/types\/page"}],"author":[{"embeddable":true,"href":"https:\/\/mare-panonium-tours.hr\/en\/wp-json\/wp\/v2\/users\/1"}],"replies":[{"embeddable":true,"href":"https:\/\/mare-panonium-tours.hr\/en\/wp-json\/wp\/v2\/comments?post=616"}],"version-history":[{"count":4,"href":"https:\/\/mare-panonium-tours.hr\/en\/wp-json\/wp\/v2\/pages\/616\/revisions"}],"predecessor-version":[{"id":620,"href":"https:\/\/mare-panonium-tours.hr\/en\/wp-json\/wp\/v2\/pages\/616\/revisions\/620"}],"wp:attachment":[{"href":"https:\/\/mare-panonium-tours.hr\/en\/wp-json\/wp\/v2\/media?parent=616"}],"curies":[{"name":"wp","href":"https:\/\/api.w.org\/{rel}","templated":true}]}}