{"id":543,"date":"2023-10-05T11:28:08","date_gmt":"2023-10-05T11:28:08","guid":{"rendered":"https:\/\/mare.mare-panonium-tours.hr\/?page_id=543"},"modified":"2025-03-19T14:46:18","modified_gmt":"2025-03-19T12:46:18","slug":"o-nama","status":"publish","type":"page","link":"https:\/\/mare-panonium-tours.hr\/en\/o-nama\/","title":{"rendered":"About us"},"content":{"rendered":"<div data-elementor-type=\"wp-page\" data-elementor-id=\"543\" class=\"elementor elementor-543\" data-elementor-post-type=\"page\">\n\t\t\t\t\t\t<section class=\"elementor-section elementor-top-section elementor-element elementor-element-7fe8db1 elementor-section-full_width elementor-section-height-min-height elementor-section-height-default elementor-section-items-middle\" data-id=\"7fe8db1\" data-element_type=\"section\" data-settings=\"{&quot;background_background&quot;:&quot;classic&quot;}\">\n\t\t\t\t\t\t\t<div class=\"elementor-background-overlay\"><\/div>\n\t\t\t\t\t\t\t<div class=\"elementor-container elementor-column-gap-no\">\n\t\t\t\t\t<div class=\"elementor-column elementor-col-100 elementor-top-column elementor-element elementor-element-5c98dd8\" data-id=\"5c98dd8\" data-element_type=\"column\">\n\t\t\t<div class=\"elementor-widget-wrap elementor-element-populated\">\n\t\t\t\t\t\t<div class=\"elementor-element elementor-element-05ad7e4 elementor-widget elementor-widget-heading\" data-id=\"05ad7e4\" data-element_type=\"widget\" data-widget_type=\"heading.default\">\n\t\t\t\t<div class=\"elementor-widget-container\">\n\t\t\t\t\t<h2 class=\"elementor-heading-title elementor-size-default\">About us<\/h2>\t\t\t\t<\/div>\n\t\t\t\t<\/div>\n\t\t\t\t\t<\/div>\n\t\t<\/div>\n\t\t\t\t\t<\/div>\n\t\t<\/section>\n\t\t\t\t<section class=\"elementor-section elementor-top-section elementor-element elementor-element-d5ffa28 elementor-section-boxed elementor-section-height-default elementor-section-height-default\" data-id=\"d5ffa28\" data-element_type=\"section\">\n\t\t\t\t\t\t<div class=\"elementor-container elementor-column-gap-default\">\n\t\t\t\t\t<div class=\"elementor-column elementor-col-100 elementor-top-column elementor-element elementor-element-f46a483\" data-id=\"f46a483\" data-element_type=\"column\">\n\t\t\t<div class=\"elementor-widget-wrap elementor-element-populated\">\n\t\t\t\t\t\t<div class=\"elementor-element elementor-element-dc7f13f elementor-widget elementor-widget-spacer\" data-id=\"dc7f13f\" data-element_type=\"widget\" data-widget_type=\"spacer.default\">\n\t\t\t\t<div class=\"elementor-widget-container\">\n\t\t\t\t\t\t\t<div class=\"elementor-spacer\">\n\t\t\t<div class=\"elementor-spacer-inner\"><\/div>\n\t\t<\/div>\n\t\t\t\t\t\t<\/div>\n\t\t\t\t<\/div>\n\t\t\t\t\t<\/div>\n\t\t<\/div>\n\t\t\t\t\t<\/div>\n\t\t<\/section>\n\t\t\t\t<section class=\"elementor-section elementor-top-section elementor-element elementor-element-b0ab251 elementor-section-boxed elementor-section-height-default elementor-section-height-default\" data-id=\"b0ab251\" data-element_type=\"section\">\n\t\t\t\t\t\t<div class=\"elementor-container elementor-column-gap-default\">\n\t\t\t\t\t<div class=\"elementor-column elementor-col-50 elementor-top-column elementor-element elementor-element-e2d159d\" data-id=\"e2d159d\" data-element_type=\"column\" data-settings=\"{&quot;background_background&quot;:&quot;classic&quot;}\">\n\t\t\t<div class=\"elementor-widget-wrap elementor-element-populated\">\n\t\t\t\t\t\t<div class=\"elementor-element elementor-element-e9b5fb2 elementor-widget elementor-widget-image\" data-id=\"e9b5fb2\" data-element_type=\"widget\" data-widget_type=\"image.default\">\n\t\t\t\t<div class=\"elementor-widget-container\">\n\t\t\t\t\t\t\t\t\t\t\t\t\t\t\t<img decoding=\"async\" width=\"200\" height=\"55\" src=\"https:\/\/mare-panonium-tours.hr\/wp-content\/uploads\/2023\/09\/logo-1.png\" class=\"attachment-full size-full wp-image-27\" alt=\"\" \/>\t\t\t\t\t\t\t\t\t\t\t\t\t\t\t<\/div>\n\t\t\t\t<\/div>\n\t\t\t\t<section class=\"elementor-section elementor-inner-section elementor-element elementor-element-f8bfc68 elementor-section-boxed elementor-section-height-default elementor-section-height-default\" data-id=\"f8bfc68\" data-element_type=\"section\">\n\t\t\t\t\t\t<div class=\"elementor-container elementor-column-gap-default\">\n\t\t\t\t\t<div class=\"elementor-column elementor-col-100 elementor-inner-column elementor-element elementor-element-9db5241\" data-id=\"9db5241\" data-element_type=\"column\">\n\t\t\t<div class=\"elementor-widget-wrap elementor-element-populated\">\n\t\t\t\t\t\t<div class=\"elementor-element elementor-element-e6cd9c2 elementor-widget elementor-widget-text-editor\" data-id=\"e6cd9c2\" data-element_type=\"widget\" data-widget_type=\"text-editor.default\">\n\t\t\t\t<div class=\"elementor-widget-container\">\n\t\t\t\t\t\t\t\t\t<p><span style=\"color: #000000;\"><strong>TURISTI\u010cKA AGENCIJA MARE PANONIUM TOURS D.O.O.<\/strong><\/span><br \/><span style=\"color: #000000;\">Hrvatskih Kraljeva 2A<\/span><br \/><span style=\"color: #000000;\">32100, Vinkovci, Hrvatska<\/span><br \/><span style=\"color: #000000;\">ID kod: HR-AB-32-030027952<\/span><br \/><span style=\"color: #000000;\">OIB: 50905896315<\/span><br \/><span style=\"color: #000000;\">Mati\u010dni broj: 3599361<\/span><br \/><span style=\"color: #000000;\">Direktor poduze\u0107a: Marija Pavo\u0161evi\u0107<\/span><br \/><span style=\"color: #000000;\">Voditelj poslovnice: Robert Pavo\u0161evi\u0107<\/span><br \/><span style=\"color: #000000;\">Tel: +385 32 333644, +385 32 333563<\/span><br \/><span style=\"color: #000000;\">Fax: +385 32 333664<\/span><br \/><span style=\"color: #000000;\">Mob: +385 99 2149988<\/span><br \/><span style=\"color: #000000;\">Mob: +385 98 497414<\/span><br \/><span style=\"color: #000000;\">e-mail: agencija@mare-panonium-tours.hr<\/span><br \/><span style=\"color: #000000;\">robert@mare-panonium-tours.hr<\/span><br \/><span style=\"color: #000000;\">web: http:\/\/www.mare-panonium-tours.hr\/<\/span><br \/><span style=\"color: #000000;\">Kunski ra\u010dun: IBAN HR7923400091110472461<\/span><br \/><span style=\"color: #000000;\">Devizni ra\u010dun: IBAN HR7923400091110472461<\/span><br \/><span style=\"color: #000000;\">Privredna banka Zagreb, SWIFT: PBZGHR2X<\/span><br \/><span style=\"color: #000000;\">Temeljni kapital: 20.100,00 kuna, upla\u0107en u cijelosti<\/span><br \/><span style=\"color: #000000;\">Certifikat: \u0160kolska putovanja<\/span><br \/><strong><span style=\"color: #000000;\">Radno vrijeme: Pon &#8211; Pet 8:00-17:00 sati<\/span><\/strong><br \/><span style=\"color: #000000;\">Subota, <\/span><span style=\"color: #000000;\">nedjeljom i blagdanima <strong>NE RADIMO<\/strong><\/span><\/p><hr \/><p><span style=\"color: #000000;\"><strong>Mjerodavno tijelo<br \/><\/strong>Dr\u017eavni inspektorat, Turisti\u010dka inspekcija<\/span><br \/><span style=\"color: #000000;\">\u0160ubi\u0107eva 29<\/span><br \/><span style=\"color: #000000;\">10000 Zagreb<\/span><\/p>\t\t\t\t\t\t\t\t<\/div>\n\t\t\t\t<\/div>\n\t\t\t\t\t<\/div>\n\t\t<\/div>\n\t\t\t\t\t<\/div>\n\t\t<\/section>\n\t\t\t\t\t<\/div>\n\t\t<\/div>\n\t\t\t\t<div class=\"elementor-column elementor-col-50 elementor-top-column elementor-element elementor-element-066fb2f\" data-id=\"066fb2f\" data-element_type=\"column\">\n\t\t\t<div class=\"elementor-widget-wrap elementor-element-populated\">\n\t\t\t\t\t\t<section class=\"elementor-section elementor-inner-section elementor-element elementor-element-c3c83a0 elementor-section-boxed elementor-section-height-default elementor-section-height-default\" data-id=\"c3c83a0\" data-element_type=\"section\">\n\t\t\t\t\t\t<div class=\"elementor-container elementor-column-gap-default\">\n\t\t\t\t\t<div class=\"elementor-column elementor-col-100 elementor-inner-column elementor-element elementor-element-b3b68b5\" data-id=\"b3b68b5\" data-element_type=\"column\">\n\t\t\t<div class=\"elementor-widget-wrap elementor-element-populated\">\n\t\t\t\t\t\t<div class=\"elementor-element elementor-element-d2d11e3 elementor-button-warning elementor-align-center elementor-widget elementor-widget-button\" data-id=\"d2d11e3\" data-element_type=\"widget\" data-widget_type=\"button.default\">\n\t\t\t\t<div class=\"elementor-widget-container\">\n\t\t\t\t\t\t\t\t\t<div class=\"elementor-button-wrapper\">\n\t\t\t\t\t<a class=\"elementor-button elementor-button-link elementor-size-xl\" href=\"https:\/\/mare-panonium-tours.hr\/wp-content\/uploads\/2023\/10\/Prigovor.pdf\" target=\"_blank\">\n\t\t\t\t\t\t<span class=\"elementor-button-content-wrapper\">\n\t\t\t\t\t\t\t\t\t<span class=\"elementor-button-text\">PRIGOVOR<\/span>\n\t\t\t\t\t<\/span>\n\t\t\t\t\t<\/a>\n\t\t\t\t<\/div>\n\t\t\t\t\t\t\t\t<\/div>\n\t\t\t\t<\/div>\n\t\t\t\t\t<\/div>\n\t\t<\/div>\n\t\t\t\t\t<\/div>\n\t\t<\/section>\n\t\t\t\t<section class=\"elementor-section elementor-inner-section elementor-element elementor-element-54e61a1 elementor-section-boxed elementor-section-height-default elementor-section-height-default\" data-id=\"54e61a1\" data-element_type=\"section\">\n\t\t\t\t\t\t<div class=\"elementor-container elementor-column-gap-default\">\n\t\t\t\t\t<div class=\"elementor-column elementor-col-100 elementor-inner-column elementor-element elementor-element-874f30c\" data-id=\"874f30c\" data-element_type=\"column\">\n\t\t\t<div class=\"elementor-widget-wrap elementor-element-populated\">\n\t\t\t\t\t\t<div class=\"elementor-element elementor-element-f42857b elementor-button-warning elementor-align-center elementor-widget elementor-widget-button\" data-id=\"f42857b\" data-element_type=\"widget\" data-widget_type=\"button.default\">\n\t\t\t\t<div class=\"elementor-widget-container\">\n\t\t\t\t\t\t\t\t\t<div class=\"elementor-button-wrapper\">\n\t\t\t\t\t<a class=\"elementor-button elementor-button-link elementor-size-xl\" href=\"https:\/\/mare-panonium-tours.hr\/wp-content\/uploads\/2023\/10\/turisticka-agencija.odt\" target=\"_blank\">\n\t\t\t\t\t\t<span class=\"elementor-button-content-wrapper\">\n\t\t\t\t\t\t\t\t\t<span class=\"elementor-button-text\">Turisti\u010dka agencija<\/span>\n\t\t\t\t\t<\/span>\n\t\t\t\t\t<\/a>\n\t\t\t\t<\/div>\n\t\t\t\t\t\t\t\t<\/div>\n\t\t\t\t<\/div>\n\t\t\t\t<div class=\"elementor-element elementor-element-5a5ab0e elementor-button-warning elementor-align-center elementor-widget elementor-widget-button\" data-id=\"5a5ab0e\" data-element_type=\"widget\" data-widget_type=\"button.default\">\n\t\t\t\t<div class=\"elementor-widget-container\">\n\t\t\t\t\t\t\t\t\t<div class=\"elementor-button-wrapper\">\n\t\t\t\t\t<a class=\"elementor-button elementor-button-link elementor-size-xl\" href=\"https:\/\/mare-panonium-tours.hr\/wp-content\/uploads\/2025\/03\/Obavijest-o-mogucnosti-placanja-i-cijenik.pdf\" target=\"_blank\">\n\t\t\t\t\t\t<span class=\"elementor-button-content-wrapper\">\n\t\t\t\t\t\t\t\t\t<span class=\"elementor-button-text\">Obavijest o mogu\u0107nosti pla\u0107anja i cijenik<\/span>\n\t\t\t\t\t<\/span>\n\t\t\t\t\t<\/a>\n\t\t\t\t<\/div>\n\t\t\t\t\t\t\t\t<\/div>\n\t\t\t\t<\/div>\n\t\t\t\t<div class=\"elementor-element elementor-element-d2656c2 elementor-button-warning elementor-align-center elementor-widget elementor-widget-button\" data-id=\"d2656c2\" data-element_type=\"widget\" data-widget_type=\"button.default\">\n\t\t\t\t<div class=\"elementor-widget-container\">\n\t\t\t\t\t\t\t\t\t<div class=\"elementor-button-wrapper\">\n\t\t\t\t\t<a class=\"elementor-button elementor-button-link elementor-size-xl\" href=\"https:\/\/mare-panonium-tours.hr\/en\/polica-privatnosti-i-obavijest-o-prigovoru\/\" target=\"_blank\">\n\t\t\t\t\t\t<span class=\"elementor-button-content-wrapper\">\n\t\t\t\t\t\t\t\t\t<span class=\"elementor-button-text\">Privacy Policy and Complaint Notice<\/span>\n\t\t\t\t\t<\/span>\n\t\t\t\t\t<\/a>\n\t\t\t\t<\/div>\n\t\t\t\t\t\t\t\t<\/div>\n\t\t\t\t<\/div>\n\t\t\t\t\t<\/div>\n\t\t<\/div>\n\t\t\t\t\t<\/div>\n\t\t<\/section>\n\t\t\t\t<section class=\"elementor-section elementor-inner-section elementor-element elementor-element-cbde0b2 elementor-section-boxed elementor-section-height-default elementor-section-height-default\" data-id=\"cbde0b2\" data-element_type=\"section\">\n\t\t\t\t\t\t<div class=\"elementor-container elementor-column-gap-default\">\n\t\t\t\t\t<div class=\"elementor-column elementor-col-100 elementor-inner-column elementor-element elementor-element-d3622b8\" data-id=\"d3622b8\" data-element_type=\"column\">\n\t\t\t<div class=\"elementor-widget-wrap\">\n\t\t\t\t\t\t\t<\/div>\n\t\t<\/div>\n\t\t\t\t\t<\/div>\n\t\t<\/section>\n\t\t\t\t\t<\/div>\n\t\t<\/div>\n\t\t\t\t\t<\/div>\n\t\t<\/section>\n\t\t\t\t<section class=\"elementor-section elementor-top-section elementor-element elementor-element-1f6d380 elementor-section-boxed elementor-section-height-default elementor-section-height-default\" data-id=\"1f6d380\" data-element_type=\"section\">\n\t\t\t\t\t\t<div class=\"elementor-container elementor-column-gap-default\">\n\t\t\t\t\t<div class=\"elementor-column elementor-col-100 elementor-top-column elementor-element elementor-element-4c9d48a\" data-id=\"4c9d48a\" data-element_type=\"column\">\n\t\t\t<div class=\"elementor-widget-wrap elementor-element-populated\">\n\t\t\t\t\t\t<div class=\"elementor-element elementor-element-a8c9058 elementor-widget elementor-widget-spacer\" data-id=\"a8c9058\" data-element_type=\"widget\" data-widget_type=\"spacer.default\">\n\t\t\t\t<div class=\"elementor-widget-container\">\n\t\t\t\t\t\t\t<div class=\"elementor-spacer\">\n\t\t\t<div class=\"elementor-spacer-inner\"><\/div>\n\t\t<\/div>\n\t\t\t\t\t\t<\/div>\n\t\t\t\t<\/div>\n\t\t\t\t\t<\/div>\n\t\t<\/div>\n\t\t\t\t\t<\/div>\n\t\t<\/section>\n\t\t\t\t<section class=\"elementor-section elementor-top-section elementor-element elementor-element-6a8fcb2 elementor-section-boxed elementor-section-height-default elementor-section-height-default\" data-id=\"6a8fcb2\" data-element_type=\"section\">\n\t\t\t\t\t\t<div class=\"elementor-container elementor-column-gap-default\">\n\t\t\t\t\t<div class=\"elementor-column elementor-col-100 elementor-top-column elementor-element elementor-element-591fded\" data-id=\"591fded\" data-element_type=\"column\" data-settings=\"{&quot;background_background&quot;:&quot;classic&quot;}\">\n\t\t\t<div class=\"elementor-widget-wrap elementor-element-populated\">\n\t\t\t\t\t\t<div class=\"elementor-element elementor-element-6523fbb elementor-widget elementor-widget-text-editor\" data-id=\"6523fbb\" data-element_type=\"widget\" data-widget_type=\"text-editor.default\">\n\t\t\t\t<div class=\"elementor-widget-container\">\n\t\t\t\t\t\t\t\t\t<h2><span style=\"color: #000000;\"><strong>Obavijest o na\u010dinu podno\u0161enja pisanog prigovora potro\u0161a\u010da\u00a0<\/strong><\/span><\/h2>\n<span style=\"color: #000000;\">Sukladno \u010dl. 10. st. 3. Zakona o za\u0161titi potro\u0161a\u010da (\u201eNarodne novine\u201c, br. 41\/14, 110\/15, 14\/19) obavje\u0161tavamo potro\u0161a\u010de da prigovor kojim iznose svoje nezadovoljstvo u odnosu na pru\u017eenu uslugu mogu podnijeti u pisanom obliku te \u0107e im bez odga\u0111anja pisanim putem biti potvr\u0111en primitak tog prigovora. Prigovor se tako\u0111er mo\u017ee podnijeti putem po\u0161te na adresu:<\/span>\n\n<strong><span style=\"color: #000000;\">Mare Panonium tours d.o.o., Hrvatskih Kraljeva 2A, 32100 Vinkovci\u00a0ili\u00a0na email adresu\u00a0<span style=\"color: #ff0000;\"><a style=\"color: #ff0000;\" href=\"mailto:agencija@mare-panonium-tours.hr\">agencija@mare-panonium-tours.hr<\/a><\/span><\/span><\/strong>\n\n<span style=\"color: #000000;\">Odgovor na pisani prigovor potro\u0161a\u010da dat \u0107emo u pisanom obliku najkasnije 15 dana od dana primitka prigovora, pa stoga molimo da nam u svom prigovoru navedete Va\u0161u kontakt adresu za dostavu odgovora.<\/span>\t\t\t\t\t\t\t\t<\/div>\n\t\t\t\t<\/div>\n\t\t\t\t\t<\/div>\n\t\t<\/div>\n\t\t\t\t\t<\/div>\n\t\t<\/section>\n\t\t\t\t<section class=\"elementor-section elementor-top-section elementor-element elementor-element-31fe1de elementor-section-boxed elementor-section-height-default elementor-section-height-default\" data-id=\"31fe1de\" data-element_type=\"section\">\n\t\t\t\t\t\t<div class=\"elementor-container elementor-column-gap-default\">\n\t\t\t\t\t<div class=\"elementor-column elementor-col-100 elementor-top-column elementor-element elementor-element-3f22752\" data-id=\"3f22752\" data-element_type=\"column\">\n\t\t\t<div class=\"elementor-widget-wrap elementor-element-populated\">\n\t\t\t\t\t\t<div class=\"elementor-element elementor-element-d5f73d4 elementor-widget elementor-widget-spacer\" data-id=\"d5f73d4\" data-element_type=\"widget\" data-widget_type=\"spacer.default\">\n\t\t\t\t<div class=\"elementor-widget-container\">\n\t\t\t\t\t\t\t<div class=\"elementor-spacer\">\n\t\t\t<div class=\"elementor-spacer-inner\"><\/div>\n\t\t<\/div>\n\t\t\t\t\t\t<\/div>\n\t\t\t\t<\/div>\n\t\t\t\t\t<\/div>\n\t\t<\/div>\n\t\t\t\t\t<\/div>\n\t\t<\/section>\n\t\t\t\t<\/div>","protected":false},"excerpt":{"rendered":"<p>O nama TURISTI\u010cKA AGENCIJA MARE PANONIUM TOURS D.O.O.Hrvatskih Kraljeva 2A32100, Vinkovci, HrvatskaID kod: HR-AB-32-030027952OIB: 50905896315Mati\u010dni broj: 3599361Direktor poduze\u0107a: Marija Pavo\u0161evi\u0107Voditelj poslovnice: Robert Pavo\u0161evi\u0107Tel: +385 32 333644, +385 32 333563Fax: +385 32 333664Mob: +385 99 2149988Mob: +385 98 497414e-mail: agencija@mare-panonium-tours.hrrobert@mare-panonium-tours.hrweb: http:\/\/www.mare-panonium-tours.hr\/Kunski ra\u010dun: IBAN HR7923400091110472461Devizni ra\u010dun: IBAN HR7923400091110472461Privredna banka Zagreb, SWIFT: PBZGHR2XTemeljni kapital: 20.100,00 kuna, upla\u0107en u [&hellip;]<\/p>","protected":false},"author":1,"featured_media":0,"parent":0,"menu_order":0,"comment_status":"closed","ping_status":"closed","template":"elementor_header_footer","meta":{"footnotes":""},"class_list":["post-543","page","type-page","status-publish","hentry"],"_links":{"self":[{"href":"https:\/\/mare-panonium-tours.hr\/en\/wp-json\/wp\/v2\/pages\/543","targetHints":{"allow":["GET"]}}],"collection":[{"href":"https:\/\/mare-panonium-tours.hr\/en\/wp-json\/wp\/v2\/pages"}],"about":[{"href":"https:\/\/mare-panonium-tours.hr\/en\/wp-json\/wp\/v2\/types\/page"}],"author":[{"embeddable":true,"href":"https:\/\/mare-panonium-tours.hr\/en\/wp-json\/wp\/v2\/users\/1"}],"replies":[{"embeddable":true,"href":"https:\/\/mare-panonium-tours.hr\/en\/wp-json\/wp\/v2\/comments?post=543"}],"version-history":[{"count":37,"href":"https:\/\/mare-panonium-tours.hr\/en\/wp-json\/wp\/v2\/pages\/543\/revisions"}],"predecessor-version":[{"id":1497,"href":"https:\/\/mare-panonium-tours.hr\/en\/wp-json\/wp\/v2\/pages\/543\/revisions\/1497"}],"wp:attachment":[{"href":"https:\/\/mare-panonium-tours.hr\/en\/wp-json\/wp\/v2\/media?parent=543"}],"curies":[{"name":"wp","href":"https:\/\/api.w.org\/{rel}","templated":true}]}}