{"id":2971,"date":"2025-12-30T15:30:35","date_gmt":"2025-12-30T14:30:35","guid":{"rendered":"https:\/\/mare-panonium-tours.hr\/?page_id=2971"},"modified":"2026-01-30T09:16:02","modified_gmt":"2026-01-30T08:16:02","slug":"dozivi-slavonsko-selo-babina-greda-zupanja-vinkovci-vukovar","status":"publish","type":"page","link":"https:\/\/mare-panonium-tours.hr\/en\/dozivi-slavonsko-selo-babina-greda-zupanja-vinkovci-vukovar\/","title":{"rendered":"DO\u017dIVI SLAVONSKO SELO (BABINA GREDA-\u017dUPANJA-VINKOVCI-VUKOVAR"},"content":{"rendered":"<div data-elementor-type=\"wp-page\" data-elementor-id=\"2971\" class=\"elementor elementor-2971\" data-elementor-post-type=\"page\">\n\t\t\t\t<div class=\"elementor-element elementor-element-99a4139 e-flex e-con-boxed e-con e-parent\" data-id=\"99a4139\" data-element_type=\"container\" data-settings=\"{&quot;background_background&quot;:&quot;classic&quot;}\">\n\t\t\t\t\t<div class=\"e-con-inner\">\n\t\t\t\t<div class=\"elementor-element elementor-element-f6c0241 elementor-widget elementor-widget-heading\" data-id=\"f6c0241\" data-element_type=\"widget\" data-widget_type=\"heading.default\">\n\t\t\t\t<div class=\"elementor-widget-container\">\n\t\t\t\t\t<h2 class=\"elementor-heading-title elementor-size-default\">DO\u017dIVI SLAVONSKO SELO (BABINA GREDA-\u017dUPANJA-VINKOVCI-VUKOVAR<\/h2>\t\t\t\t<\/div>\n\t\t\t\t<\/div>\n\t\t\t\t\t<\/div>\n\t\t\t\t<\/div>\n\t\t<div class=\"elementor-element elementor-element-48c9fa8 e-flex e-con-boxed e-con e-parent\" data-id=\"48c9fa8\" data-element_type=\"container\">\n\t\t\t\t\t<div class=\"e-con-inner\">\n\t\t\t\t<div class=\"elementor-element elementor-element-1486054 elementor-widget elementor-widget-text-editor\" data-id=\"1486054\" data-element_type=\"widget\" data-widget_type=\"text-editor.default\">\n\t\t\t\t<div class=\"elementor-widget-container\">\n\t\t\t\t\t\t\t\t\t<p><strong>ZA\u0160TO SLAVONIJA?<\/strong><\/p><p>Zato \u0161to je Slavonija mjesto na kojem \u0107ete upoznati jako gostoljubive doma\u0107ine, isprobati fenomenalnu doma\u0107u hranu i do\u017eivjeti njenu bogatu povijest i kulturu u autohtonom ambijentu. Iz Slavonije jednostavno ne mo\u017eete oti\u0107i gladni ili da vam doma\u0107ini barem ne spreme jo\u0161 malo hrane za put. I sve to za puno manje novca nego u mnogim drugim dijelovima Hrvatske.<\/p><p>Bez obzira \u017eelite li miran ili aktivan odmor, putujete li sami, u paru ili idete na godi\u0161nji odmor sa obitelji, turisti\u010dke atrakcije Slavonije idealan su izbor za sve koji tra\u017ee bijeg od svakodnevnih gu\u017evi, u\u017eurbanog \u017eivota i stresa.<\/p><p>&#8230;. Ne propu\u0161tajte ovu fantasti\u010dnu priliku i do\u017eivite sa nama ljepotu Slavonije uz opu\u0161teno dru\u017eenje uz traminac i kulen, u\u017eivanje u slavonskoj gostoljubivosti, netaknutoj i o\u010duvanoj prirodi, kulturnom naslije\u0111u i bogatoj tradiciji koja se prenosi iz koljena na koljeno.<\/p><p><strong>1. Dan \u0160TITAR\/BABINA GREDA\/ GRADI\u0160TE- \u017dUPANJA-OTO\u010cKI VIROVI-CERNA<\/strong><\/p><p>Odsjednite na seoskom doma\u0107instvu, gdje \u0107e vas ujutro probuditi ne\u010duvena ti\u0161ina i mirno\u0107a Slavonije, a Va\u0161e nepce do\u010dekati tradicionalni slavonski doru\u010dak.<\/p><p>Zaputite se na izlet u \u017dupanju. \u017dupanja \u0107e vam pru\u017eiti posve druga\u010diji do\u017eivljaj i otkriti ambijent jedinstvene seoske arhitekture. Tu \u0107ete doznati da \u201eu\u0161oravanje\u201c zna\u010di spajanje manjih okolnih zaselaka u jedinstvenu cjelinu. Grani\u010darska povijest \u017dupanje iz doba Osmanlijskog carstva ostavila je dubok trag na grad, a rijeka Sava i slavonske \u0161ume utkane su u \u017eivot njezinih stanovnika. Grani\u010darski \u010dardak najljep\u0161e je svjedo\u010danstvo povijesti i jedini preostali vojnokraji\u0161ki spomenik na Savi. Zaputite se u Bo\u0161njake, gdje \u0107ete imati priliku jedinstveni \u0160umarski muzej i doznati sve o ovom dijelu Slavonije. Zaputite se prema Bo\u0161nja\u010dkim i Oto\u010dkim virovima gdje \u0107ete provesti dan u misti\u010dnom prirodnm fenomenu, koji nije rijeka, jezero, potok ni mo\u010dvara, nerazvikano je carstvo vode, zelenila i \u017eivotinja na istoku Hrvatske.<\/p><p>Predla\u017eemo ru\u010dak u restoranu sklopu samog Bioekolo\u0161ko-edukacijskog centra ili u restoranu Aquarius u Bo\u0161njacima.<\/p><p>Nave\u010der se zaputite u jedno malo slavonsko selo i do\u017eivite jedinstveni slavonski obi\u010daj, \u017detvene sve\u010danosti . Kad je \u017eetva zavr\u0161ena, prire\u0111uje se u nekim krajevima kod bogatijih gospodara sve\u010danost, da se u radosti i zabavi proslavi sretni svr\u0161etak \u017eetve. \u017deteoci dolaze na ure\u0161enim kolima s glazbom u dvori\u0161te gospodarevo gdje ih na ulazu \u010deka slavoluk. Lijep obi\u010daj s vijencem ili krunom od klasja je u sredi\u0161tu takve sve\u010danosti, koja u veselju, pjesmi i plesu znade dosta dugo da potraje.<\/p><p><strong>2. dan<\/strong><\/p><p>Nakon doru\u010dka i odjave zaputite se prema Andrija\u0161evcima gdje mo\u017eete do\u017eivjeti jedinstvenu vo\u017enju brodom ili se zaputite prema Vinkovcima.<\/p><p>Vinkovci su grad koji pri\u010da divnu pri\u010du o dalekoj pro\u0161losti, ali i budu\u0107nosti, obi\u010dajima kojeg grad pa\u017eljivo \u010duva, crticama iz pro\u0161losti koje su grad oblikovale, poznatim sugra\u0111anima, ali i inovativnim i kreativnim ljudima koji svojim radom grad daju \u2018ono ne\u0161to\u2019.<\/p><p>Zavr\u0161ite svoj posjet ru\u010dkom na \u0160oka\u010dkom stanu gdje mo\u017eete isprobati tradicionalne slavonske specijalitete u modernije ruhu.<\/p>\t\t\t\t\t\t\t\t<\/div>\n\t\t\t\t<\/div>\n\t\t\t\t\t<\/div>\n\t\t\t\t<\/div>\n\t\t<div class=\"elementor-element elementor-element-2248484 e-flex e-con-boxed e-con e-parent\" data-id=\"2248484\" data-element_type=\"container\">\n\t\t\t\t\t<div class=\"e-con-inner\">\n\t\t\t\t<div class=\"elementor-element elementor-element-39c13ea elementor-widget elementor-widget-image\" data-id=\"39c13ea\" data-element_type=\"widget\" data-widget_type=\"image.default\">\n\t\t\t\t<div class=\"elementor-widget-container\">\n\t\t\t\t\t\t\t\t\t\t\t\t\t\t\t<img fetchpriority=\"high\" decoding=\"async\" width=\"1728\" height=\"2464\" src=\"https:\/\/mare-panonium-tours.hr\/wp-content\/uploads\/2026\/01\/SELO.jpg\" class=\"attachment-large size-large wp-image-3032\" alt=\"\" srcset=\"https:\/\/mare-panonium-tours.hr\/wp-content\/uploads\/2026\/01\/SELO.jpg 1728w, https:\/\/mare-panonium-tours.hr\/wp-content\/uploads\/2026\/01\/SELO-768x1095.jpg 768w, https:\/\/mare-panonium-tours.hr\/wp-content\/uploads\/2026\/01\/SELO-1077x1536.jpg 1077w, https:\/\/mare-panonium-tours.hr\/wp-content\/uploads\/2026\/01\/SELO-1436x2048.jpg 1436w, https:\/\/mare-panonium-tours.hr\/wp-content\/uploads\/2026\/01\/SELO-8x12.jpg 8w\" sizes=\"(max-width: 1728px) 100vw, 1728px\" \/>\t\t\t\t\t\t\t\t\t\t\t\t\t\t\t<\/div>\n\t\t\t\t<\/div>\n\t\t\t\t\t<\/div>\n\t\t\t\t<\/div>\n\t\t\t\t<\/div>","protected":false},"excerpt":{"rendered":"<p>ZA\u0160TO SLAVONIJA? Zato \u0161to je Slavonija mjesto na kojem \u0107ete upoznati jako gostoljubive doma\u0107ine, isprobati fenomenalnu doma\u0107u hranu i do\u017eivjeti njenu bogatu povijest i kulturu u autohtonom ambijentu. Iz Slavonije jednostavno ne mo\u017eete oti\u0107i gladni ili da vam doma\u0107ini barem ne spreme jo\u0161 malo hrane za put. I sve to za puno manje novca nego [&hellip;]<\/p>","protected":false},"author":1,"featured_media":0,"parent":0,"menu_order":0,"comment_status":"closed","ping_status":"closed","template":"elementor_header_footer","meta":{"footnotes":""},"class_list":["post-2971","page","type-page","status-publish","hentry"],"_links":{"self":[{"href":"https:\/\/mare-panonium-tours.hr\/en\/wp-json\/wp\/v2\/pages\/2971","targetHints":{"allow":["GET"]}}],"collection":[{"href":"https:\/\/mare-panonium-tours.hr\/en\/wp-json\/wp\/v2\/pages"}],"about":[{"href":"https:\/\/mare-panonium-tours.hr\/en\/wp-json\/wp\/v2\/types\/page"}],"author":[{"embeddable":true,"href":"https:\/\/mare-panonium-tours.hr\/en\/wp-json\/wp\/v2\/users\/1"}],"replies":[{"embeddable":true,"href":"https:\/\/mare-panonium-tours.hr\/en\/wp-json\/wp\/v2\/comments?post=2971"}],"version-history":[{"count":7,"href":"https:\/\/mare-panonium-tours.hr\/en\/wp-json\/wp\/v2\/pages\/2971\/revisions"}],"predecessor-version":[{"id":3055,"href":"https:\/\/mare-panonium-tours.hr\/en\/wp-json\/wp\/v2\/pages\/2971\/revisions\/3055"}],"wp:attachment":[{"href":"https:\/\/mare-panonium-tours.hr\/en\/wp-json\/wp\/v2\/media?parent=2971"}],"curies":[{"name":"wp","href":"https:\/\/api.w.org\/{rel}","templated":true}]}}