{"id":2517,"date":"2025-04-06T19:30:18","date_gmt":"2025-04-06T18:30:18","guid":{"rendered":"https:\/\/mare-panonium-tours.hr\/?page_id=2517"},"modified":"2026-01-30T09:14:11","modified_gmt":"2026-01-30T08:14:11","slug":"winetaste-slavontura","status":"publish","type":"page","link":"https:\/\/mare-panonium-tours.hr\/en\/winetaste-slavontura\/","title":{"rendered":"WINE&amp;TASTE SLAVONTURA"},"content":{"rendered":"<div data-elementor-type=\"wp-page\" data-elementor-id=\"2517\" class=\"elementor elementor-2517\" data-elementor-post-type=\"page\">\n\t\t\t\t<div class=\"elementor-element elementor-element-3387fd9 e-flex e-con-boxed e-con e-parent\" data-id=\"3387fd9\" data-element_type=\"container\" data-settings=\"{&quot;background_background&quot;:&quot;classic&quot;}\">\n\t\t\t\t\t<div class=\"e-con-inner\">\n\t\t\t\t<div class=\"elementor-element elementor-element-bcb216f elementor-widget elementor-widget-heading\" data-id=\"bcb216f\" data-element_type=\"widget\" data-widget_type=\"heading.default\">\n\t\t\t\t<div class=\"elementor-widget-container\">\n\t\t\t\t\t<h2 class=\"elementor-heading-title elementor-size-default\">WINE&amp;TASTE SLAVONTURA<\/h2>\t\t\t\t<\/div>\n\t\t\t\t<\/div>\n\t\t\t\t\t<\/div>\n\t\t\t\t<\/div>\n\t\t<div class=\"elementor-element elementor-element-b599106 e-flex e-con-boxed e-con e-parent\" data-id=\"b599106\" data-element_type=\"container\">\n\t\t\t\t\t<div class=\"e-con-inner\">\n\t\t\t\t<div class=\"elementor-element elementor-element-f28104f elementor-widget elementor-widget-text-editor\" data-id=\"f28104f\" data-element_type=\"widget\" data-widget_type=\"text-editor.default\">\n\t\t\t\t<div class=\"elementor-widget-container\">\n\t\t\t\t\t\t\t\t\t<p>Putovanje istokom Hrvatske prava je vinska i gastro avantura za sve moderne putnike. Dvorci,muzeji, povijesne jezgre gradova, barokne zgrade, \u0161etnje uz slavonske rijeke i \u017eivot koji na ovim prostorima traje ve\u0107 vi\u0161e od 8000 godina.<\/p><p>TRAJANJE PUTOVANJA : 2 DANA<\/p><p>PLAN PUTOVANJA:<\/p><p>1.DAN<\/p><p>Polazak iz mjesta u dogovoreno vrijeme. Vo\u017enja do Vinkovaca\/ Iloka. Po dolasku dolazak u obilazak grada Vinkovaca uz stru\u010dno vodstvo.. Krenite od najljep\u0161eg vinkova\u010dkog baroknog spomenika \u2013 GRADSKOG MUZEJA VINKOVCI \u0107ete saznati sve o povijesti Vinkovaca i pro\u0161e\u0107ite gradskim Velikim parkom do KIPA BANA JOSIPA \u0160OK\u010cEVI\u0106A i barokne crkve Sv. Euzebija i Poliona. Ne propustite \u0161etnju Korzom, naju\u017eim sredi\u0161tem grada i u\u017eivajte u okru\u017eenju povijesnih zgrada iz 18. stolje\u0107a- GIMNAZIJE, secesijske BRODSKE IMOVNE OP\u0106INE sve do fontane LIJEVA\u010c BAKRA koja pri\u010da pri\u010du o Orionu, najstarijem indoeuropskom kalendaru prona\u0111enom upravo u Vinkovcima. Zajedni\u010dka \u0161etnja najljep\u0161im bosutskim \u0160etali\u0161tem Dionizija \u0160vagelja do rodne ku\u0107e Ivana Kozarca. Obilazak i stru\u010dno vodstvo u RODNOJ KU\u0106I IVANA KOZARCA gdje \u0107ete najbolje mo\u0107i osjetiti atmosferu starog Krnja\u0161a, jedne od rijetkih preostalih tipi\u010dnih \u0161oka\u010dkih ulica. Odlazak na degustaciju likera i craft u Destileriju Abelo i mogu\u0107nost kupovine proizvoda. Povratak u hotel. Slobodno vrijeme za vlastite sadr\u017eaje. Odlazak na zajedni\u010dku ve\u010deru na jedan od sala\u0161a u okolici Vinkovaca. No\u0107enje.<\/p><p>2. DAN<\/p><p>Doru\u010dak u hotelu. Odjava iz hotela. Odlazak prema Vukovaru i posjet Muzeju Vu\u010dedolske kulture, Vo\u017enja autobusom do lokaliteta VU\u010cEDOL \u2013 po dolasku posjet MUZEJU VU\u010cEDOLSKE KULTURE \u2013 obilazak i razgled muzja uz pratnju stru\u010dnog vodstva\/kustosa. Nakon razgleda muzeja nastavak putovanja autobusom do na\u0161eg najisto\u010dnije grada ILOKA \u2013 po dolasku odlazak na zajedni\u010dki ru\u010dak u restoran. Poslije ru\u010dka razgled grada uz pratnju vodi\u010da: GRADSKE ZIDINE \u2013 CRKVA SV. I. KAPISTRANA \u2013 DVORAC ODESCALCHI\u2026vo\u017enja do LI PRINCIPOVAC \u2013 po dolasku kra\u0107e slobodno vrijeme za razgled i \u0161etnju i kavu. Odlazak na degustaciju vina u jednu od najmodernijih vinarija u Iloku, butik vinariju KAST. U kasnim poslijepodnevnim satima polazak u pravcu domova.<\/p><p>Uklju\u010deno u program:<\/p><p>-smje\u0161taj na bazi no\u0107enju u hotelu 3* u Vinkovcima ili 4* u Iloku<\/p><p>-stru\u010dni licencirani vodi\u010d za razgled Vinkovaca i Iloka<\/p><p>-ulaznice za Muzej Vu\u010dedolske kulture u Vukovaru,<\/p><p>-stru\u010dno vodstvo+ulaznice za Ku\u0107u Ivana Kozarca u Vinkovcima<\/p><p>-tradicionalna slavonska ve\u010dera u restoranu u Iloku\/ Vinkovcima<\/p><p>&#8211; ru\u010dak u restoranu u Iloku\/Vukovaru\/Vinkovcima<\/p><p>-degustacija vina u jednoj od ilo\u010dkih vinarija KAST,<\/p><p>-degustacija likera i craft gina u Destileriji Abelo u Vinkovcima<\/p><p>CIJENA ARAN\u017dMANA: NA UPIT<\/p>\t\t\t\t\t\t\t\t<\/div>\n\t\t\t\t<\/div>\n\t\t\t\t\t<\/div>\n\t\t\t\t<\/div>\n\t\t<div class=\"elementor-element elementor-element-6420e80 e-flex e-con-boxed e-con e-parent\" data-id=\"6420e80\" data-element_type=\"container\">\n\t\t\t\t\t<div class=\"e-con-inner\">\n\t\t\t\t\t<\/div>\n\t\t\t\t<\/div>\n\t\t<div class=\"elementor-element elementor-element-a376b39 e-flex e-con-boxed e-con e-parent\" data-id=\"a376b39\" data-element_type=\"container\">\n\t\t\t\t\t<div class=\"e-con-inner\">\n\t\t\t\t<div class=\"elementor-element elementor-element-1330889 elementor-widget elementor-widget-image\" data-id=\"1330889\" data-element_type=\"widget\" data-widget_type=\"image.default\">\n\t\t\t\t<div class=\"elementor-widget-container\">\n\t\t\t\t\t\t\t\t\t\t\t\t\t\t\t<img fetchpriority=\"high\" decoding=\"async\" width=\"1728\" height=\"2464\" src=\"https:\/\/mare-panonium-tours.hr\/wp-content\/uploads\/2026\/01\/WineTaste.jpg\" class=\"attachment-large size-large wp-image-3037\" alt=\"\" srcset=\"https:\/\/mare-panonium-tours.hr\/wp-content\/uploads\/2026\/01\/WineTaste.jpg 1728w, https:\/\/mare-panonium-tours.hr\/wp-content\/uploads\/2026\/01\/WineTaste-768x1095.jpg 768w, https:\/\/mare-panonium-tours.hr\/wp-content\/uploads\/2026\/01\/WineTaste-1077x1536.jpg 1077w, https:\/\/mare-panonium-tours.hr\/wp-content\/uploads\/2026\/01\/WineTaste-1436x2048.jpg 1436w, https:\/\/mare-panonium-tours.hr\/wp-content\/uploads\/2026\/01\/WineTaste-8x12.jpg 8w\" sizes=\"(max-width: 1728px) 100vw, 1728px\" \/>\t\t\t\t\t\t\t\t\t\t\t\t\t\t\t<\/div>\n\t\t\t\t<\/div>\n\t\t\t\t\t<\/div>\n\t\t\t\t<\/div>\n\t\t\t\t<\/div>","protected":false},"excerpt":{"rendered":"<p>WINE&amp;TASTE SLAVONTURA Putovanje istokom Hrvatske prava je vinska i gastro avantura za sve moderne putnike. Dvorci,muzeji, povijesne jezgre gradova, barokne zgrade, \u0161etnje uz slavonske rijeke i \u017eivot koji na ovim prostorima traje ve\u0107 vi\u0161e od 8000 godina. TRAJANJE PUTOVANJA : 2 DANA PLAN PUTOVANJA: 1.DAN Polazak iz mjesta u dogovoreno vrijeme. Vo\u017enja do Vinkovaca\/ Iloka. [&hellip;]<\/p>","protected":false},"author":1,"featured_media":3037,"parent":0,"menu_order":0,"comment_status":"closed","ping_status":"closed","template":"elementor_header_footer","meta":{"footnotes":""},"class_list":["post-2517","page","type-page","status-publish","has-post-thumbnail","hentry"],"_links":{"self":[{"href":"https:\/\/mare-panonium-tours.hr\/en\/wp-json\/wp\/v2\/pages\/2517","targetHints":{"allow":["GET"]}}],"collection":[{"href":"https:\/\/mare-panonium-tours.hr\/en\/wp-json\/wp\/v2\/pages"}],"about":[{"href":"https:\/\/mare-panonium-tours.hr\/en\/wp-json\/wp\/v2\/types\/page"}],"author":[{"embeddable":true,"href":"https:\/\/mare-panonium-tours.hr\/en\/wp-json\/wp\/v2\/users\/1"}],"replies":[{"embeddable":true,"href":"https:\/\/mare-panonium-tours.hr\/en\/wp-json\/wp\/v2\/comments?post=2517"}],"version-history":[{"count":13,"href":"https:\/\/mare-panonium-tours.hr\/en\/wp-json\/wp\/v2\/pages\/2517\/revisions"}],"predecessor-version":[{"id":3049,"href":"https:\/\/mare-panonium-tours.hr\/en\/wp-json\/wp\/v2\/pages\/2517\/revisions\/3049"}],"wp:featuredmedia":[{"embeddable":true,"href":"https:\/\/mare-panonium-tours.hr\/en\/wp-json\/wp\/v2\/media\/3037"}],"wp:attachment":[{"href":"https:\/\/mare-panonium-tours.hr\/en\/wp-json\/wp\/v2\/media?parent=2517"}],"curies":[{"name":"wp","href":"https:\/\/api.w.org\/{rel}","templated":true}]}}