{"id":2502,"date":"2025-04-06T19:22:31","date_gmt":"2025-04-06T18:22:31","guid":{"rendered":"https:\/\/mare-panonium-tours.hr\/?page_id=2502"},"modified":"2026-01-30T09:11:53","modified_gmt":"2026-01-30T08:11:53","slug":"wellness-vikend-za-prijateljice","status":"publish","type":"page","link":"https:\/\/mare-panonium-tours.hr\/en\/wellness-vikend-za-prijateljice\/","title":{"rendered":"WELLNESS VIKEND ZA PRIJATELJICE"},"content":{"rendered":"<div data-elementor-type=\"wp-page\" data-elementor-id=\"2502\" class=\"elementor elementor-2502\" data-elementor-post-type=\"page\">\n\t\t\t\t<div class=\"elementor-element elementor-element-a15beca e-flex e-con-boxed e-con e-parent\" data-id=\"a15beca\" data-element_type=\"container\" data-settings=\"{&quot;background_background&quot;:&quot;classic&quot;}\">\n\t\t\t\t\t<div class=\"e-con-inner\">\n\t\t\t\t<div class=\"elementor-element elementor-element-e8fb30b elementor-widget elementor-widget-heading\" data-id=\"e8fb30b\" data-element_type=\"widget\" data-widget_type=\"heading.default\">\n\t\t\t\t<div class=\"elementor-widget-container\">\n\t\t\t\t\t<h2 class=\"elementor-heading-title elementor-size-default\">WELLNESS VIKEND ZA PRIJATELJICE<\/h2>\t\t\t\t<\/div>\n\t\t\t\t<\/div>\n\t\t\t\t\t<\/div>\n\t\t\t\t<\/div>\n\t\t<div class=\"elementor-element elementor-element-01e199a e-flex e-con-boxed e-con e-parent\" data-id=\"01e199a\" data-element_type=\"container\">\n\t\t\t\t\t<div class=\"e-con-inner\">\n\t\t\t\t<div class=\"elementor-element elementor-element-68cd76a elementor-widget elementor-widget-text-editor\" data-id=\"68cd76a\" data-element_type=\"widget\" data-widget_type=\"text-editor.default\">\n\t\t\t\t<div class=\"elementor-widget-container\">\n\t\t\t\t\t\t\t\t\t<h2><b>WELLNESS VIKEND ZA PRIJATELJICE<\/b><\/h2><p data-start=\"2243\" data-end=\"2509\"><strong data-start=\"2243\" data-end=\"2278\">Wellness vikend za prijateljice<\/strong> savr\u0161en je izbor za opu\u0161tanje, dru\u017eenje i bijeg od svakodnevnog stresa. Ako tra\u017eite idealan SPA vikend u Slavoniji, ova ponuda nudi kombinaciju wellness tretmana, masa\u017ea, dobre hrane i zajedni\u010dkih trenutaka koje \u0107ete dugo pamtiti.<\/p><p data-start=\"2511\" data-end=\"2687\">Bilo da slavite ro\u0111endan, djevoja\u010dku ve\u010der ili jednostavno \u017eelite kvalitetno vrijeme s prijateljicama, ovaj <strong data-start=\"2619\" data-end=\"2651\">vikend paket za prijateljice<\/strong> pru\u017ea potpuni odmor za tijelo i um.<\/p><p>TRAJANJE PUTOVANJA : 2 DANA<\/p><p>PLAN PUTOVANJA:<\/p><p>1.DAN<\/p><p>Polazak iz mjesta vlastitim prijevozom u dogovoreno vrijeme. Vo\u017enja do Vinkovaca. Po dolasku dolazak u obilazak grada Vinkovaca uz stru\u010dno vodstvo.. Krenite od najljep\u0161eg vinkova\u010dkog baroknog spomenika \u2013 GRADSKOG MUZEJA VINKOVCI \u0107ete saznati sve o povijesti Vinkovaca i pro\u0161e\u0107ite gradskim Velikim parkom do KIPA BANA JOSIPA \u0160OK\u010cEVI\u0106A i barokne crkve Sv. Euzebija i Poliona. Ne propustite \u0161etnju Korzom, naju\u017eim sredi\u0161tem grada i u\u017eivajte u okru\u017eenju povijesnih zgrada iz 18. stolje\u0107a- GIMNAZIJE, secesijske BRODSKE IMOVNE OP\u0106INE sve do fontane LIJEVA\u010c BAKRA koja pri\u010da pri\u010du o Orionu, najstarijem indoeuropskom kalendaru prona\u0111enom upravo u Vinkovcima. Prijava u hotel. Slobodno vrijeme za vlastite sadr\u017eaje. Odlazak u Wellnes Barossa na dogovoreni tretman. Odlazak na ve\u010deru u jedan od restorana na podru\u010dju Vinkovaca. No\u0107enje.<\/p><p>2. DAN<\/p><p>Doru\u010dak u hotelu. Odjava iz hotela. Zajedni\u010dka \u0161etnja najljep\u0161im bosutskim \u0160etali\u0161tem Dionizija \u0160vagelja do rodne ku\u0107e Ivana Kozarca. Obilazak i stru\u010dno vodstvo u RODNOJ KU\u0106I IVANA KOZARCA gdje \u0107ete najbolje mo\u0107i osjetiti atmosferu starog Krnja\u0161a, jedne od rijetkih preostalih tipi\u010dnih \u0161oka\u010dkih ulica. Odlazak na degustaciju likera i craft u Destileriju Abelo i mogu\u0107nost kupovine proizvoda. Slobodno vrijeme za vlastite sadr\u017eaje. Odlazak na zajedni\u010dki ru\u010dak u jedan od restorana na podru\u010dju Vinkovaca. U ranim poslijepodnevnim satima polazak u pravcu domova.<\/p><p>Uklju\u010deno u program:<\/p><p>-smje\u0161taj na bazi no\u0107enju s doru\u010dkom u hotelu 3*\/hostelu u Vinkovcima<\/p><p>-stru\u010dni licencirani vodi\u010d za razgled Vinkovaca<\/p><p>-wellness paket<\/p><p>-stru\u010dno vodstvo+ulaznice za rodnu ku\u0107u Ivana Kozarca u Vinkovcima<\/p><p>&#8211; ve\u010dera u restoranu u Vinkovcima<\/p><p>&#8211; ru\u010dak u restoranu na podru\u010dju Vinkovaca<\/p><p>-degustacija likera i craft gina u Destileriji Abelo u Vinkovcima<\/p>\t\t\t\t\t\t\t\t<\/div>\n\t\t\t\t<\/div>\n\t\t\t\t\t<\/div>\n\t\t\t\t<\/div>\n\t\t<div class=\"elementor-element elementor-element-611c7e9 e-flex e-con-boxed e-con e-parent\" data-id=\"611c7e9\" data-element_type=\"container\">\n\t\t\t\t\t<div class=\"e-con-inner\">\n\t\t\t\t<div class=\"elementor-element elementor-element-af9c32a elementor-widget elementor-widget-image\" data-id=\"af9c32a\" data-element_type=\"widget\" data-widget_type=\"image.default\">\n\t\t\t\t<div class=\"elementor-widget-container\">\n\t\t\t\t\t\t\t\t\t\t\t\t\t\t\t<img fetchpriority=\"high\" decoding=\"async\" width=\"1414\" height=\"2000\" src=\"https:\/\/mare-panonium-tours.hr\/wp-content\/uploads\/2026\/01\/WELLNESS-VIKEND-ZA-PRIJATELJICE.jpg\" class=\"attachment-large size-large wp-image-3035\" alt=\"\" srcset=\"https:\/\/mare-panonium-tours.hr\/wp-content\/uploads\/2026\/01\/WELLNESS-VIKEND-ZA-PRIJATELJICE.jpg 1414w, https:\/\/mare-panonium-tours.hr\/wp-content\/uploads\/2026\/01\/WELLNESS-VIKEND-ZA-PRIJATELJICE-768x1086.jpg 768w, https:\/\/mare-panonium-tours.hr\/wp-content\/uploads\/2026\/01\/WELLNESS-VIKEND-ZA-PRIJATELJICE-1086x1536.jpg 1086w, https:\/\/mare-panonium-tours.hr\/wp-content\/uploads\/2026\/01\/WELLNESS-VIKEND-ZA-PRIJATELJICE-8x12.jpg 8w\" sizes=\"(max-width: 1414px) 100vw, 1414px\" \/>\t\t\t\t\t\t\t\t\t\t\t\t\t\t\t<\/div>\n\t\t\t\t<\/div>\n\t\t\t\t\t<\/div>\n\t\t\t\t<\/div>\n\t\t\t\t<\/div>","protected":false},"excerpt":{"rendered":"<p>WELLNESS VIKEND ZA PRIJATELJICE WELLNESS VIKEND ZA PRIJATELJICE Wellness vikend za prijateljice savr\u0161en je izbor za opu\u0161tanje, dru\u017eenje i bijeg od svakodnevnog stresa. Ako tra\u017eite idealan SPA vikend u Slavoniji, ova ponuda nudi kombinaciju wellness tretmana, masa\u017ea, dobre hrane i zajedni\u010dkih trenutaka koje \u0107ete dugo pamtiti. Bilo da slavite ro\u0111endan, djevoja\u010dku ve\u010der ili jednostavno \u017eelite [&hellip;]<\/p>","protected":false},"author":1,"featured_media":0,"parent":0,"menu_order":0,"comment_status":"closed","ping_status":"closed","template":"elementor_header_footer","meta":{"footnotes":""},"class_list":["post-2502","page","type-page","status-publish","hentry"],"_links":{"self":[{"href":"https:\/\/mare-panonium-tours.hr\/en\/wp-json\/wp\/v2\/pages\/2502","targetHints":{"allow":["GET"]}}],"collection":[{"href":"https:\/\/mare-panonium-tours.hr\/en\/wp-json\/wp\/v2\/pages"}],"about":[{"href":"https:\/\/mare-panonium-tours.hr\/en\/wp-json\/wp\/v2\/types\/page"}],"author":[{"embeddable":true,"href":"https:\/\/mare-panonium-tours.hr\/en\/wp-json\/wp\/v2\/users\/1"}],"replies":[{"embeddable":true,"href":"https:\/\/mare-panonium-tours.hr\/en\/wp-json\/wp\/v2\/comments?post=2502"}],"version-history":[{"count":19,"href":"https:\/\/mare-panonium-tours.hr\/en\/wp-json\/wp\/v2\/pages\/2502\/revisions"}],"predecessor-version":[{"id":3040,"href":"https:\/\/mare-panonium-tours.hr\/en\/wp-json\/wp\/v2\/pages\/2502\/revisions\/3040"}],"wp:attachment":[{"href":"https:\/\/mare-panonium-tours.hr\/en\/wp-json\/wp\/v2\/media?parent=2502"}],"curies":[{"name":"wp","href":"https:\/\/api.w.org\/{rel}","templated":true}]}}