{"id":2497,"date":"2025-04-06T19:19:53","date_gmt":"2025-04-06T18:19:53","guid":{"rendered":"https:\/\/mare-panonium-tours.hr\/?page_id=2497"},"modified":"2026-01-30T09:15:18","modified_gmt":"2026-01-30T08:15:18","slug":"skola-u-prirodi-u-slavoniji","status":"publish","type":"page","link":"https:\/\/mare-panonium-tours.hr\/en\/skola-u-prirodi-u-slavoniji\/","title":{"rendered":"\u0160KOLA U PRIRODI U SLAVONIJI"},"content":{"rendered":"<div data-elementor-type=\"wp-page\" data-elementor-id=\"2497\" class=\"elementor elementor-2497\" data-elementor-post-type=\"page\">\n\t\t\t\t<div class=\"elementor-element elementor-element-558609b e-flex e-con-boxed e-con e-parent\" data-id=\"558609b\" data-element_type=\"container\" data-settings=\"{&quot;background_background&quot;:&quot;classic&quot;}\">\n\t\t\t\t\t<div class=\"e-con-inner\">\n\t\t\t\t<div class=\"elementor-element elementor-element-af02b44 elementor-widget elementor-widget-heading\" data-id=\"af02b44\" data-element_type=\"widget\" data-widget_type=\"heading.default\">\n\t\t\t\t<div class=\"elementor-widget-container\">\n\t\t\t\t\t<h2 class=\"elementor-heading-title elementor-size-default\">\u0160KOLA U PRIRODI U SLAVONIJI<\/h2>\t\t\t\t<\/div>\n\t\t\t\t<\/div>\n\t\t\t\t\t<\/div>\n\t\t\t\t<\/div>\n\t\t<div class=\"elementor-element elementor-element-4ded82c e-flex e-con-boxed e-con e-parent\" data-id=\"4ded82c\" data-element_type=\"container\">\n\t\t\t\t\t<div class=\"e-con-inner\">\n\t\t\t\t<div class=\"elementor-element elementor-element-fe62646 elementor-widget elementor-widget-text-editor\" data-id=\"fe62646\" data-element_type=\"widget\" data-widget_type=\"text-editor.default\">\n\t\t\t\t<div class=\"elementor-widget-container\">\n\t\t\t\t\t\t\t\t\t<h2><strong>\u0160KOLA U PRIRODI U SLAVONIJI<\/strong><\/h2><p>TRAJANJE PROGRAMA (4 DANA, 3 NO\u0106ENJA)<\/p><p><strong data-start=\"273\" data-end=\"306\">\u201e\u0160kola u prirodi u Slavoniji\u201c<\/strong> je pa\u017eljivo osmi\u0161ljen <strong data-start=\"329\" data-end=\"361\">pedago\u0161ki program za u\u010denike<\/strong> koji spaja <strong data-start=\"373\" data-end=\"415\">obrazovanje, prirodu, kulturu i zabavu<\/strong> tijekom 4 dana i 3 no\u0107enja u srcu Slavonije, s polaskom iz Vinkovaca.<\/p><p><b>1.dan \u2013 VINKOVCI<\/b><\/p><p>Polazak autobusom ispred \u0161kole u ranim jutarnjim satima. Vo\u017enja u smjeru Slavonije uz pauze za odmor i dolazak u Vinkovce. Posjet rodnoj ku\u0107i Ivana Kozarca, \u0161etnja vinkova\u010dkim korzom (Orion \u2013 najstariji indoeuropski kalendar, dana\u0161nji prikaz posude \u201eOrion\u201c na pje\u0161a\u010dkoj zoni u sredi\u0161tu Vinkovaca ima simboli\u010dko zna\u010denje.) Preporu\u010damo posjet Gradskog muzeja Vinkovci (uz doplatu) . Nakon razgleda muzeja,smje\u0161taj u hotel. Ve\u010dera u hotelu. No\u0107enje<\/p><p><b>2.dan: VINKOVCI &#8211; ROKOVCI\/ANDRIJA\u0160EVCI-VINKOVCI<\/b><\/p><p>Doru\u010dak te polazak iz hotela prema Rokovcima i Andrija\u0161evcima. Dolazak na pristani\u0161te i vo\u017enja brodom po Bosutu. Vo\u017enja turisti\u010dkom brodicom na rijeci Bosut, rijeci koja prirodni fenomen jer nema izvora, pru\u017ea nezaboravno iskustvo i uspomenu malim kapetanima. Nakon vo\u017enje brodom odlazak u Adrenalinski park Bosut Rokovci-Andrija\u0161evci . Adrenalinski park smje\u0161ten je na obali rijeke Bosut, u parku koji se nalazi u neposrednoj blizini osnovne \u0161kole u sklopu \u0160portsko rekreacijskog centra Frankopan, za sve one sportskog duha i \u017eeljne adrenalina. Adrenalinski park Bosut Rokovci-Andrija\u0161evci ima dvije razine poligona. Ono \u0161to je posebnost Adrenalinskog parka je zipline preko rijeke Bosut \u0161to posjetiteljima nudi novu vrstu atrakcije koja do sada nije vi\u0111ena u Vukovarsko-srijemskoj \u017eupaniji. Odlazak na organizirani ru\u010dak u restoran u Andrija\u0161evce. Povratak u Vinkovce. Slobodno vrijeme za vlastite sadr\u017eaje. Ve\u010dera u hotelu. No\u0107enje.<\/p><p><b>3. dan: VINKOVCI-BO\u0160NJACI- \u017dUPANJA -GRADI\u0160TE- VINKOVCI<\/b><\/p><p>Doru\u010dak te polazak na poludnevni izlet u Bo\u0161njake. Posjet \u0160umarskom muzeju Bo\u0161njacima. \u0160umarski muzej sa svojim bogatstvom flore i faune spa\u010dvanskog bazena uz koji se ve\u017ee nadaleko poznata kvaliteta slavonske hrastovine,zornim prikazima vrsta drve\u0107a ,njihovih presjeka i plodova uzorno je mjesto za obrazovanje u\u010denika i svih ljubitelja prirode.Sadr\u017eajno bogat ,pregledan i zanimljiv,jedan je od najljep\u0161ih muzeja takve vrste u Europi.U Muzeju je sa\u010duvano i izlo\u017eeno bogatstvo tradicije organiziranoga \u0161umarstva-izlo\u0161ci svjedo\u010de o povijesti i razvoju \u0161umarstva-te alati koji pokazuju kako se nekada radilo,a kako se radi danas. Dio Muzeja je i bogata zbirka slika Josipa Babogredca koji ju je kao svoju ostav\u0161tinu poklonio selu. Zanimljivo je napomenuti da su Bo\u0161njaci po slavonskom hrastu bili poznati u cijelome svijetu,pa i parlament u Budimpe\u0161ti kompletno je napravljen od njihove hrastovine,\u0161to dovoljno govori o kvaliteti. Odlazak na organizirani ru\u010dak u Bo\u0161njacima. Povratak u Vinkovce. Ve\u010dera u restoranu hotela. No\u0107enje.<\/p><p><b>4. dan: VINKOVCI- OTO\u010cKI VIROVI<\/b><\/p><p>Doru\u010dak i odjava iz hotela. Vo\u017enja autobusom do grada Otok koji je smje\u0161ten u zapadnom Srijemu, na podru\u010dju Vukovarsko-srijemske \u017eupanije. Na podru\u010dju Otoka nalaze se prirodni fenomen Oto\u010dki virovi koji obuhva\u0107a rje\u010dicu Virovi i okolnu \u0161umu hrasta lu\u017enjaka. Hrast lu\u017enjak na\u0161e je najcjenjenije drvo nizina, a Spa\u010dva je u Hrvatskoj najve\u0107a \u0161uma ovoga diva. Zbog gotovo netaknute prirode Oto\u010dki virovi su sa\u010duvali autohtone vrste ptica kakve ornitolozi nalaze samo u predjelu tog neobi\u010dnog vodotoka. Sli\u010dno je i s ribama kakvih ima samo u tom \u0161umskom potoku. Po dolasku odlazak do novootvorenog Bioekolo\u0161ko \u2013 edukacijskog centra Virovi, susret sa vodi\u010dem te polazak u \u0161etnju\u00a0<span style=\"font-size: 1rem;\">pou\u010dnim stazama spa\u010dvanskih bazena. Nakon \u0161etnji stazama povratak do edukacijskog centra Virovi te slobodno vrijeme za odmor, kavu, sok ili ru\u010dak. Po \u017eelji grupe mogu\u0107nost vo\u017enje elektri\u010dnim brodom rje\u010dicom Virovi (fakultativno). Polazak ku\u0107i u ranim poslijepodnevnim satima. Dolazak u mjesta polaska u kasnim ve\u010dernjim satima.<\/span><\/p><p><span style=\"font-size: 1rem;\">\u00a0<\/span><\/p><p><b>CIJENA ARAN\u017dMANA PO OSOBI: NA UPIT<\/b><\/p><p><b>\u00a0<\/b><\/p><p><b>U program putovanja je uklju\u010deno<\/b><\/p><p>\u00b7 prijevoz turisti\u010dkim autobusom licenciranim za prijevoz djece<\/p><p>\u00b7 licenciranog turisti\u010dkog pratitelja\/voditelja putovanja tijekom putovanja i sve razglede prema programu<\/p><p>\u00b7 stru\u010dno vo\u0111enje \/ lokalni vodi\u010di u \u0110akovu, Vukovaru i Iloku<\/p><p>\u00b7 3x no\u0107enje na bazi polupansiona u hotelu u Vinkovcima<\/p><p>\u00b7 ru\u010dak u restoranu u Sotinu\/ Vukovaru\/Iloku\/ \u0110akovu<\/p><p>\u00b7 obilazak rodne ku\u0107e Ivana Kozarca u Vinkovcima<\/p><p>\u00b7 sve razglede prema programu putovanja<\/p><p>\u00b7 osiguranje od posljedica nesretnog slu\u010daja\/nezgode<\/p><p>\u00b7 tro\u0161kove organizacije putovanja i jam\u010devno osiguranje.<\/p>\t\t\t\t\t\t\t\t<\/div>\n\t\t\t\t<\/div>\n\t\t\t\t\t<\/div>\n\t\t\t\t<\/div>\n\t\t<div class=\"elementor-element elementor-element-0c9ebb6 e-flex e-con-boxed e-con e-parent\" data-id=\"0c9ebb6\" data-element_type=\"container\">\n\t\t\t\t\t<div class=\"e-con-inner\">\n\t\t\t\t<div class=\"elementor-element elementor-element-ce2dc04 elementor-widget elementor-widget-image\" data-id=\"ce2dc04\" data-element_type=\"widget\" data-widget_type=\"image.default\">\n\t\t\t\t<div class=\"elementor-widget-container\">\n\t\t\t\t\t\t\t\t\t\t\t\t\t\t\t<img fetchpriority=\"high\" decoding=\"async\" width=\"1728\" height=\"2464\" src=\"https:\/\/mare-panonium-tours.hr\/wp-content\/uploads\/2026\/01\/skola.jpg\" class=\"attachment-large size-large wp-image-3033\" alt=\"\" srcset=\"https:\/\/mare-panonium-tours.hr\/wp-content\/uploads\/2026\/01\/skola.jpg 1728w, https:\/\/mare-panonium-tours.hr\/wp-content\/uploads\/2026\/01\/skola-768x1095.jpg 768w, https:\/\/mare-panonium-tours.hr\/wp-content\/uploads\/2026\/01\/skola-1077x1536.jpg 1077w, https:\/\/mare-panonium-tours.hr\/wp-content\/uploads\/2026\/01\/skola-1436x2048.jpg 1436w, https:\/\/mare-panonium-tours.hr\/wp-content\/uploads\/2026\/01\/skola-8x12.jpg 8w\" sizes=\"(max-width: 1728px) 100vw, 1728px\" \/>\t\t\t\t\t\t\t\t\t\t\t\t\t\t\t<\/div>\n\t\t\t\t<\/div>\n\t\t\t\t\t<\/div>\n\t\t\t\t<\/div>\n\t\t\t\t<\/div>","protected":false},"excerpt":{"rendered":"<p>\u0160KOLA U PRIRODI U SLAVONIJI \u0160KOLA U PRIRODI U SLAVONIJI TRAJANJE PROGRAMA (4 DANA, 3 NO\u0106ENJA) \u201e\u0160kola u prirodi u Slavoniji\u201c je pa\u017eljivo osmi\u0161ljen pedago\u0161ki program za u\u010denike koji spaja obrazovanje, prirodu, kulturu i zabavu tijekom 4 dana i 3 no\u0107enja u srcu Slavonije, s polaskom iz Vinkovaca. 1.dan \u2013 VINKOVCI Polazak autobusom ispred \u0161kole [&hellip;]<\/p>","protected":false},"author":1,"featured_media":0,"parent":0,"menu_order":0,"comment_status":"closed","ping_status":"closed","template":"elementor_header_footer","meta":{"footnotes":""},"class_list":["post-2497","page","type-page","status-publish","hentry"],"_links":{"self":[{"href":"https:\/\/mare-panonium-tours.hr\/en\/wp-json\/wp\/v2\/pages\/2497","targetHints":{"allow":["GET"]}}],"collection":[{"href":"https:\/\/mare-panonium-tours.hr\/en\/wp-json\/wp\/v2\/pages"}],"about":[{"href":"https:\/\/mare-panonium-tours.hr\/en\/wp-json\/wp\/v2\/types\/page"}],"author":[{"embeddable":true,"href":"https:\/\/mare-panonium-tours.hr\/en\/wp-json\/wp\/v2\/users\/1"}],"replies":[{"embeddable":true,"href":"https:\/\/mare-panonium-tours.hr\/en\/wp-json\/wp\/v2\/comments?post=2497"}],"version-history":[{"count":13,"href":"https:\/\/mare-panonium-tours.hr\/en\/wp-json\/wp\/v2\/pages\/2497\/revisions"}],"predecessor-version":[{"id":3052,"href":"https:\/\/mare-panonium-tours.hr\/en\/wp-json\/wp\/v2\/pages\/2497\/revisions\/3052"}],"wp:attachment":[{"href":"https:\/\/mare-panonium-tours.hr\/en\/wp-json\/wp\/v2\/media?parent=2497"}],"curies":[{"name":"wp","href":"https:\/\/api.w.org\/{rel}","templated":true}]}}