{"id":2477,"date":"2025-04-06T19:00:41","date_gmt":"2025-04-06T18:00:41","guid":{"rendered":"https:\/\/mare-panonium-tours.hr\/?page_id=2477"},"modified":"2026-01-30T09:12:21","modified_gmt":"2026-01-30T08:12:21","slug":"putevima-srijemskih-svetaca","status":"publish","type":"page","link":"https:\/\/mare-panonium-tours.hr\/en\/putevima-srijemskih-svetaca\/","title":{"rendered":"PUTEVIMA SRIJEMSKIH SVETACA"},"content":{"rendered":"<div data-elementor-type=\"wp-page\" data-elementor-id=\"2477\" class=\"elementor elementor-2477\" data-elementor-post-type=\"page\">\n\t\t\t\t<div class=\"elementor-element elementor-element-605e840 e-flex e-con-boxed e-con e-parent\" data-id=\"605e840\" data-element_type=\"container\" data-settings=\"{&quot;background_background&quot;:&quot;classic&quot;}\">\n\t\t\t\t\t<div class=\"e-con-inner\">\n\t\t\t\t<div class=\"elementor-element elementor-element-ee8bfb9 elementor-widget elementor-widget-heading\" data-id=\"ee8bfb9\" data-element_type=\"widget\" data-widget_type=\"heading.default\">\n\t\t\t\t<div class=\"elementor-widget-container\">\n\t\t\t\t\t<h2 class=\"elementor-heading-title elementor-size-default\">PUTEVIMA SRIJEMSKIH SVETACA<\/h2>\t\t\t\t<\/div>\n\t\t\t\t<\/div>\n\t\t\t\t\t<\/div>\n\t\t\t\t<\/div>\n\t\t<div class=\"elementor-element elementor-element-62c5244 e-flex e-con-boxed e-con e-parent\" data-id=\"62c5244\" data-element_type=\"container\">\n\t\t\t\t\t<div class=\"e-con-inner\">\n\t\t\t\t<div class=\"elementor-element elementor-element-dd34f13 elementor-widget elementor-widget-text-editor\" data-id=\"dd34f13\" data-element_type=\"widget\" data-widget_type=\"text-editor.default\">\n\t\t\t\t<div class=\"elementor-widget-container\">\n\t\t\t\t\t\t\t\t\t<h2><strong>PUTEVIMA SRIJEMSKIH SVETACA<\/strong><\/h2><p data-start=\"673\" data-end=\"993\">Putovanje koje vas kroz bogatu povijest, sakralnu ba\u0161tinu i duhovnost regije Srijem. Ova jedinstvena tura kombinira <strong data-start=\"821\" data-end=\"897\">kulturne znamenitosti, lokalnu tradiciju i inspiriraju\u0107e pri\u010de o svecima<\/strong> koji su oblikovali vjerski i kulturni identitet podru\u010dja.<\/p><p data-start=\"995\" data-end=\"1153\">Bilo da ste vjernik, ljubitelj povijesti ili tra\u017eite duhovno iskustvo, ovo putovanje pru\u017ea kombinaciju iskustava koja nadahnjuju i ostavljaju trajne uspomene.<\/p><p><b>1. dan: Mjesto polaska-Nijemci- Ila\u010da- Ilok<br \/><\/b><span style=\"font-size: 1rem;\">Polazak u dogovoreno vrijeme iz mjesta polaska. Vo\u017enja autocestom prema mjestu Nijemci. Sastanak s lokalnim vodi\u010dem. Na uzvi\u0161enju u sredi\u0161tu Nijemaca, pitomog srijemskog grada, dominira crkva sv. Katarine sagra\u0111ena u 14. stolje\u0107u. Nekada je, tvrde arheolozi, na mjestu ove goti\u010dke crkve s elementima baroka i vrijednim kasnobaroknim inventarom, bila mala romani\u010dka crkva. Ispod sada\u0161njeg poda otkrivene su jo\u0161 dvije podne razine, u desnom kutu ispred apside tragovi rimske arhitekture, a tijekom iskopavanja grobovi na redove bjelobrdske kulture. U osmanlijsko vrijeme Nijemci su bili sjedi\u0161te kadiluka o \u010demu svjedo\u010de ostaci arhitekture u parku u podno\u017eju crkve, koja je ina\u010de podignuta na lokalitetu nekada\u0161nje srednjovjekovne Gradine sa sa\u010duvanim opkopom. Nakon razgleda crkve i parka u Nijemcima nastavak putovanja prema Ila\u010di. Obilazak sveti\u0161ta u Ila\u010di i mogu\u0107nost odlaska na svetu misu. Slobodno vrijeme. Odlazak prema Iloku i smje\u0161taj u hotel. Ve\u010dera u restoran u hotela. No\u0107enje.\u00a0<\/span><\/p><p><b style=\"font-size: 1rem;\">2. dan: Ilok-Vukovar-Mjesto polaska<\/b><\/p><p>Doru\u010dak u restoranu hotela. Odjava iz hotel. Sastanak s lokalnim vodi\u010dem te oblizak Iloka ( ilo\u010dke zidine, ) i posjet crkvi sv.Ivana Kapistrana. Crkva i samostan sv. Ivana Kapistrana kreiraju poznatu vizuru Iloka. Nekada Majci Bo\u017ejoj na Nebo Uzetoj, danas je ova crkva iz 14. stolje\u0107a posve\u0107ena svetom Ivanu Kapistranu. Kula u samostanu u kojoj je svetac nekada boravio, jedan od najljep\u0161ih ilo\u010dkih vidikovaca, a u sklopu crkve ure\u0111ena je spomen kapelica u kojoj je bolovao i umro 1456. Nakon odlaska Osmanlija crkva i samostan dobili su barokne elemente, a po\u010detkom 20. stolje\u0107a njihova obnova povjerena je Hermanu Bolleu koji je unio zadnje stilske izmjene i to u neogoti\u010dkom stilu poput onih kakve je primijenio i na zagreba\u010dkoj katedrali. Nakon razgleda crkve odlazak na zajedni\u010dki ru\u010dak u Iloku. Nastaval putovanja prema Vukovaru i posjet crkvi sv.Filipa i Jakova i samostanu sv.Bone u Vukovaru.Nastavak razgleda baroknog Vukovara prema programu vodi\u010da. Polazak prema mjestu polaska grupe.<\/p><p><b>PROGRAM UKLJU\u010cUJE:<\/b><\/p><p>-no\u0107enje u hotelu na bazi polupansiona (doru\u010dak i ve\u010dera)<\/p><p>&#8211; Nijemaca, Ila\u010de, Iloka i Vukovara uz stru\u010dnog lokalnog vodi\u010da<\/p><p>&#8211; posjet crkvi i samostanu sv. Ivana Kapistrana u Iloku<\/p><p>&#8211; posjet crkvi s.Filipa i Jakova i samostanu sv. Bone u Vukovaru<\/p><p>&#8211; organizirani tradicionalni ru\u010dak u restoranu u Iloku ili Vukovaru<\/p>\t\t\t\t\t\t\t\t<\/div>\n\t\t\t\t<\/div>\n\t\t\t\t\t<\/div>\n\t\t\t\t<\/div>\n\t\t<div class=\"elementor-element elementor-element-53c7a6c e-flex e-con-boxed e-con e-parent\" data-id=\"53c7a6c\" data-element_type=\"container\">\n\t\t\t\t\t<div class=\"e-con-inner\">\n\t\t\t\t<div class=\"elementor-element elementor-element-88f2674 elementor-widget elementor-widget-image\" data-id=\"88f2674\" data-element_type=\"widget\" data-widget_type=\"image.default\">\n\t\t\t\t<div class=\"elementor-widget-container\">\n\t\t\t\t\t\t\t\t\t\t\t\t\t\t\t<img fetchpriority=\"high\" decoding=\"async\" width=\"1728\" height=\"2464\" src=\"https:\/\/mare-panonium-tours.hr\/wp-content\/uploads\/2026\/01\/srijem.jpg\" class=\"attachment-large size-large wp-image-3034\" alt=\"\" srcset=\"https:\/\/mare-panonium-tours.hr\/wp-content\/uploads\/2026\/01\/srijem.jpg 1728w, https:\/\/mare-panonium-tours.hr\/wp-content\/uploads\/2026\/01\/srijem-768x1095.jpg 768w, https:\/\/mare-panonium-tours.hr\/wp-content\/uploads\/2026\/01\/srijem-1077x1536.jpg 1077w, https:\/\/mare-panonium-tours.hr\/wp-content\/uploads\/2026\/01\/srijem-1436x2048.jpg 1436w, https:\/\/mare-panonium-tours.hr\/wp-content\/uploads\/2026\/01\/srijem-8x12.jpg 8w\" sizes=\"(max-width: 1728px) 100vw, 1728px\" \/>\t\t\t\t\t\t\t\t\t\t\t\t\t\t\t<\/div>\n\t\t\t\t<\/div>\n\t\t\t\t\t<\/div>\n\t\t\t\t<\/div>\n\t\t\t\t<\/div>","protected":false},"excerpt":{"rendered":"<p>PUTEVIMA SRIJEMSKIH SVETACA PUTEVIMA SRIJEMSKIH SVETACA Putovanje koje vas kroz bogatu povijest, sakralnu ba\u0161tinu i duhovnost regije Srijem. Ova jedinstvena tura kombinira kulturne znamenitosti, lokalnu tradiciju i inspiriraju\u0107e pri\u010de o svecima koji su oblikovali vjerski i kulturni identitet podru\u010dja. Bilo da ste vjernik, ljubitelj povijesti ili tra\u017eite duhovno iskustvo, ovo putovanje pru\u017ea kombinaciju iskustava koja [&hellip;]<\/p>","protected":false},"author":1,"featured_media":3034,"parent":0,"menu_order":0,"comment_status":"closed","ping_status":"closed","template":"elementor_header_footer","meta":{"footnotes":""},"class_list":["post-2477","page","type-page","status-publish","has-post-thumbnail","hentry"],"_links":{"self":[{"href":"https:\/\/mare-panonium-tours.hr\/en\/wp-json\/wp\/v2\/pages\/2477","targetHints":{"allow":["GET"]}}],"collection":[{"href":"https:\/\/mare-panonium-tours.hr\/en\/wp-json\/wp\/v2\/pages"}],"about":[{"href":"https:\/\/mare-panonium-tours.hr\/en\/wp-json\/wp\/v2\/types\/page"}],"author":[{"embeddable":true,"href":"https:\/\/mare-panonium-tours.hr\/en\/wp-json\/wp\/v2\/users\/1"}],"replies":[{"embeddable":true,"href":"https:\/\/mare-panonium-tours.hr\/en\/wp-json\/wp\/v2\/comments?post=2477"}],"version-history":[{"count":25,"href":"https:\/\/mare-panonium-tours.hr\/en\/wp-json\/wp\/v2\/pages\/2477\/revisions"}],"predecessor-version":[{"id":3043,"href":"https:\/\/mare-panonium-tours.hr\/en\/wp-json\/wp\/v2\/pages\/2477\/revisions\/3043"}],"wp:featuredmedia":[{"embeddable":true,"href":"https:\/\/mare-panonium-tours.hr\/en\/wp-json\/wp\/v2\/media\/3034"}],"wp:attachment":[{"href":"https:\/\/mare-panonium-tours.hr\/en\/wp-json\/wp\/v2\/media?parent=2477"}],"curies":[{"name":"wp","href":"https:\/\/api.w.org\/{rel}","templated":true}]}}